{"id":3613,"date":"2026-02-13T22:59:27","date_gmt":"2026-02-13T22:59:27","guid":{"rendered":"https:\/\/bonmarnamestaj.com\/?post_type=product&#038;p=3613"},"modified":"2026-02-16T23:42:52","modified_gmt":"2026-02-16T23:42:52","slug":"avva-koltuk-takimi","status":"publish","type":"product","link":"https:\/\/bonmarnamestaj.com\/sr\/proizvod\/avva-koltuk-takimi\/","title":{"rendered":"AVVA KOLTUK TAKIMI"},"content":{"rendered":"<div class=\"wpb-content-wrapper\"><div class=\"vc_row wpb_row vc_row-fluid vc_row-o-content-middle vc_row-flex wd-rs-6943f0dcc8d2a\"><div class=\"wpb_column vc_column_container vc_col-sm-12 wd-enabled-flex wd-rs-6943f1099e5a9\"><div class=\"vc_column-inner\"><div class=\"wpb_wrapper\">\n\t<div class=\"wpb_text_column wpb_content_element\" >\n\t\t<div class=\"wpb_wrapper\">\n\t\t\t<h4 style=\"text-align: center;\">\u0412\u0418\u0414\u0415\u041e \u041e \u0418\u041d\u0421\u0422\u0410\u041b\u0410\u0426\u0418\u0408\u0418<\/h4>\n\n\t\t<\/div>\n\t<\/div>\n\t\t<div class=\"wd-el-video wd-wpb wd-rs-695295d0552a9 wd-enabled-width wd-action-without wd-video-hosted wd-with-aspect-ratio\">\n\t\t\t\t\t\t\t<video src=\"https:\/\/bonmarnamestaj.com\/wp-content\/uploads\/2025\/12\/bodrum-koltuk-2.mp4\" playsinline controls preload=\"metadata\"><\/video>\t\t\t\n\t\t\t\n\t\t\t\n\t\t\t\t\t<\/div>\n\t\t<\/div><\/div><\/div><\/div>\n<\/div>","protected":false},"excerpt":{"rendered":"<div style=\"font-size: 14px; line-height: 1.4; color: #222; max-width: 560px; margin: 0 auto; margin-top: -18px;\">\n<div style=\"font-weight: 600; color: #ff7e00; margin-bottom: 8px; text-align: center;\">\u0414\u0438\u043c\u0435\u043d\u0437\u0438\u0458\u0435 \u043f\u0440\u043e\u0438\u0437\u0432\u043e\u0434\u0430<\/div>\n<p><!-- KOLTUK TAKIMI --><\/p>\n<div style=\"margin-bottom: 4px; font-weight: 600; text-decoration: underline;\">TTF Garniture:<\/div>\n<div style=\"margin-bottom: 6px;\"><span style=\"font-weight: 600; display: inline-block; min-width: 180px;\">\u010cetvorosed:<\/span><br \/>\n\u0448\u0438\u0440\u0438\u043d\u0430 270 \u0446\u043c \/ \u0432\u0438\u0441\u0438\u043d\u0430 83 \u0446\u043c \/ \u0434\u0443\u0431\u0438\u043d\u0430 97 \u0446\u043c<\/div>\n<div style=\"margin-bottom: 6px;\"><span style=\"font-weight: 600; display: inline-block; min-width: 180px;\">Trosed<\/span><br \/>\n\u0448\u0438\u0440\u0438\u043d\u0430 235 \u0446\u043c \/ \u0432\u0438\u0441\u0438\u043d\u0430 83 \u0446\u043c \/ \u0434\u0443\u0431\u0438\u043d\u0430 97 \u0446\u043c<\/div>\n<div style=\"margin-bottom: 6px;\"><span style=\"font-weight: 600; display: inline-block; min-width: 180px;\">Dvosed<\/span><br \/>\n\u0448\u0438\u0440\u0438\u043d\u0430 200 \u0446\u043c \/ \u0432\u0438\u0441\u0438\u043d\u0430 83 \u0446\u043c \/ \u0434\u0443\u0431\u0438\u043d\u0430 97 \u0446\u043c<\/div>\n<div style=\"margin-bottom: 12px;\"><span style=\"font-weight: 600; display: inline-block; min-width: 180px;\">Fotelje<\/span><br \/>\n\u0448\u0438\u0440\u0438\u043d\u0430 75 \u0446\u043c \/ \u0432\u0438\u0441\u0438\u043d\u0430 90 \u0446\u043c \/ \u0434\u0443\u0431\u0438\u043d\u0430 80 \u0446\u043c<\/div>\n<p><!-- K\u00d6\u015eE TAKIMI --><\/p>\n<div style=\"margin-bottom: 4px; font-weight: 600; text-decoration: underline;\">Ugaone Garniture<\/div>\n<div style=\"margin-bottom: 6px;\"><span style=\"font-weight: 600; display: inline-block; min-width: 180px;\">(3+U+2) Ugaone:<\/span><br \/>\n\u0448\u0438\u0440\u0438\u043d\u0430 305 \u00d7 270 \u0446\u043c \/ \u0432\u0438\u0441\u0438\u043d\u0430 83 \u0446\u043c \/ \u0434\u0443\u0431\u0438\u043d\u0430 97 \u0446\u043c<\/div>\n<div style=\"margin-bottom: 6px;\"><span style=\"font-weight: 600; display: inline-block; min-width: 180px;\">(2+U) Ugaone:<\/span><br \/>\n\u0448\u0438\u0440\u0438\u043d\u0430 270 \u00d7 185 \u0446\u043c \/ \u0432\u0438\u0441\u0438\u043d\u0430 83 \u0446\u043c \/ \u0434\u0443\u0431\u0438\u043d\u0430 97 \u0446\u043c<\/div>\n<\/div>","protected":false},"featured_media":2541,"template":"","meta":[],"product_brand":[],"product_cat":[19],"product_tag":[],"class_list":{"0":"post-3613","1":"product","2":"type-product","3":"status-publish","4":"has-post-thumbnail","6":"product_cat-garniture","8":"first","9":"instock","10":"shipping-taxable","11":"purchasable","12":"product-type-woosb"},"yoast_head":"<!-- This site is optimized with the Yoast SEO plugin v26.9 - https:\/\/yoast.com\/product\/yoast-seo-wordpress\/ -->\n<title>AVVA KOLTUK TAKIMI - BONMAR NAMESTAJ | Beograd | Srbija<\/title>\n<meta name=\"robots\" content=\"index, follow, max-snippet:-1, max-image-preview:large, max-video-preview:-1\" \/>\n<link rel=\"canonical\" href=\"https:\/\/bonmarnamestaj.com\/sr\/proizvod\/avva-koltuk-takimi\/\" \/>\n<meta property=\"og:locale\" content=\"sr_RS\" \/>\n<meta property=\"og:type\" content=\"article\" \/>\n<meta property=\"og:title\" content=\"AVVA KOLTUK TAKIMI - BONMAR NAMESTAJ | Beograd | Srbija\" \/>\n<meta property=\"og:description\" content=\"\u00dcr\u00fcn \u00d6l\u00e7\u00fcleri Koltuk Tak\u0131m\u0131: 4&#039;l\u00fc: geni\u015flik 270 cm \/ y\u00fckseklik 83 cm \/ derinlik 97 cm 3&#039;l\u00fc: geni\u015flik 235 cm \/ y\u00fckseklik 83 cm \/ derinlik 97 cm 2&#039;li: geni\u015flik 200 cm \/ y\u00fckseklik 83 cm \/ derinlik 97 cm 1&#039;li: geni\u015flik 75 cm \/ y\u00fckseklik 90 cm \/ derinlik 80 cm K\u00f6\u015fe Tak\u0131m\u0131: (3+K+2) K\u00f6\u015fe \/ Corner: geni\u015flik 305 \u00d7 270 cm \/ y\u00fckseklik 83 cm \/ derinlik 97 cm 2+D K\u00f6\u015fe \/ Corner: geni\u015flik 270 \u00d7 185 cm \/ y\u00fckseklik 83 cm \/ derinlik 97 cm\" \/>\n<meta property=\"og:url\" content=\"https:\/\/bonmarnamestaj.com\/sr\/proizvod\/avva-koltuk-takimi\/\" \/>\n<meta property=\"og:site_name\" content=\"BONMAR NAMESTAJ | Beograd | Srbija\" \/>\n<meta property=\"article:modified_time\" content=\"2026-02-16T23:42:52+00:00\" \/>\n<meta property=\"og:image\" content=\"https:\/\/bonmarnamestaj.com\/wp-content\/uploads\/2025\/11\/bodrum-A.jpg\" \/>\n\t<meta property=\"og:image:width\" content=\"1500\" \/>\n\t<meta property=\"og:image:height\" content=\"817\" \/>\n\t<meta property=\"og:image:type\" content=\"image\/jpeg\" \/>\n<meta name=\"twitter:card\" content=\"summary_large_image\" \/>\n<meta name=\"twitter:label1\" content=\"\u041f\u0440\u043e\u0446\u0435\u045a\u0435\u043d\u043e \u0432\u0440\u0435\u043c\u0435 \u0447\u0438\u0442\u0430\u045a\u0430\" \/>\n\t<meta name=\"twitter:data1\" content=\"1 \u043c\u0438\u043d\u0443\u0442\" \/>\n<script type=\"application\/ld+json\" class=\"yoast-schema-graph\">{\"@context\":\"https:\/\/schema.org\",\"@graph\":[{\"@type\":\"WebPage\",\"@id\":\"https:\/\/bonmarnamestaj.com\/urun\/avva-koltuk-takimi\/\",\"url\":\"https:\/\/bonmarnamestaj.com\/urun\/avva-koltuk-takimi\/\",\"name\":\"AVVA KOLTUK TAKIMI - BONMAR NAMESTAJ | Beograd | Srbija\",\"isPartOf\":{\"@id\":\"https:\/\/bonmarnamestaj.com\/sr\/#website\"},\"primaryImageOfPage\":{\"@id\":\"https:\/\/bonmarnamestaj.com\/urun\/avva-koltuk-takimi\/#primaryimage\"},\"image\":{\"@id\":\"https:\/\/bonmarnamestaj.com\/urun\/avva-koltuk-takimi\/#primaryimage\"},\"thumbnailUrl\":\"https:\/\/bonmarnamestaj.com\/wp-content\/uploads\/2025\/11\/bodrum-A.jpg\",\"datePublished\":\"2026-02-13T22:59:27+00:00\",\"dateModified\":\"2026-02-16T23:42:52+00:00\",\"breadcrumb\":{\"@id\":\"https:\/\/bonmarnamestaj.com\/urun\/avva-koltuk-takimi\/#breadcrumb\"},\"inLanguage\":\"sr-RS\",\"potentialAction\":[{\"@type\":\"ReadAction\",\"target\":[\"https:\/\/bonmarnamestaj.com\/urun\/avva-koltuk-takimi\/\"]}]},{\"@type\":\"ImageObject\",\"inLanguage\":\"sr-RS\",\"@id\":\"https:\/\/bonmarnamestaj.com\/urun\/avva-koltuk-takimi\/#primaryimage\",\"url\":\"https:\/\/bonmarnamestaj.com\/wp-content\/uploads\/2025\/11\/bodrum-A.jpg\",\"contentUrl\":\"https:\/\/bonmarnamestaj.com\/wp-content\/uploads\/2025\/11\/bodrum-A.jpg\",\"width\":1500,\"height\":817},{\"@type\":\"BreadcrumbList\",\"@id\":\"https:\/\/bonmarnamestaj.com\/urun\/avva-koltuk-takimi\/#breadcrumb\",\"itemListElement\":[{\"@type\":\"ListItem\",\"position\":1,\"name\":\"Anasayfa\",\"item\":\"https:\/\/bonmarnamestaj.com\/sr\/\"},{\"@type\":\"ListItem\",\"position\":2,\"name\":\"Ma\u011faza\",\"item\":\"https:\/\/bonmarnamestaj.com\/sr\/%d1%82%d1%80%d0%b6%d0%bd%d0%b8-%d1%86%d0%b5%d0%bd%d1%82%d0%b0%d1%80\/\"},{\"@type\":\"ListItem\",\"position\":3,\"name\":\"AVVA KOLTUK TAKIMI\"}]},{\"@type\":\"WebSite\",\"@id\":\"https:\/\/bonmarnamestaj.com\/sr\/#website\",\"url\":\"https:\/\/bonmarnamestaj.com\/sr\/\",\"name\":\"BONMAR NAMESTAJ | Beograd | Srbija\",\"description\":\"Modeli name\u0161taja i sofa za 2026. godinu\",\"publisher\":{\"@id\":\"https:\/\/bonmarnamestaj.com\/sr\/#organization\"},\"potentialAction\":[{\"@type\":\"SearchAction\",\"target\":{\"@type\":\"EntryPoint\",\"urlTemplate\":\"https:\/\/bonmarnamestaj.com\/sr\/?s={search_term_string}\"},\"query-input\":{\"@type\":\"PropertyValueSpecification\",\"valueRequired\":true,\"valueName\":\"search_term_string\"}}],\"inLanguage\":\"sr-RS\"},{\"@type\":\"Organization\",\"@id\":\"https:\/\/bonmarnamestaj.com\/sr\/#organization\",\"name\":\"BONMAR NAMESTAJ | Beograd | Srbija\",\"url\":\"https:\/\/bonmarnamestaj.com\/sr\/\",\"logo\":{\"@type\":\"ImageObject\",\"inLanguage\":\"sr-RS\",\"@id\":\"https:\/\/bonmarnamestaj.com\/sr\/#\/schema\/logo\/image\/\",\"url\":\"https:\/\/bonmarnamestaj.com\/wp-content\/uploads\/2025\/12\/cropped-bonmarlogo512.png\",\"contentUrl\":\"https:\/\/bonmarnamestaj.com\/wp-content\/uploads\/2025\/12\/cropped-bonmarlogo512.png\",\"width\":512,\"height\":512,\"caption\":\"BONMAR NAMESTAJ | Beograd | Srbija\"},\"image\":{\"@id\":\"https:\/\/bonmarnamestaj.com\/sr\/#\/schema\/logo\/image\/\"}}]}<\/script>\n<!-- \/ Yoast SEO plugin. -->","yoast_head_json":{"title":"AVVA KOLTUK TAKIMI - BONMAR NAMESTAJ | Beograd | Srbija","robots":{"index":"index","follow":"follow","max-snippet":"max-snippet:-1","max-image-preview":"max-image-preview:large","max-video-preview":"max-video-preview:-1"},"canonical":"https:\/\/bonmarnamestaj.com\/sr\/proizvod\/avva-koltuk-takimi\/","og_locale":"sr_RS","og_type":"article","og_title":"AVVA KOLTUK TAKIMI - BONMAR NAMESTAJ | Beograd | Srbija","og_description":"\u00dcr\u00fcn \u00d6l\u00e7\u00fcleri Koltuk Tak\u0131m\u0131: 4'l\u00fc: geni\u015flik 270 cm \/ y\u00fckseklik 83 cm \/ derinlik 97 cm 3'l\u00fc: geni\u015flik 235 cm \/ y\u00fckseklik 83 cm \/ derinlik 97 cm 2'li: geni\u015flik 200 cm \/ y\u00fckseklik 83 cm \/ derinlik 97 cm 1'li: geni\u015flik 75 cm \/ y\u00fckseklik 90 cm \/ derinlik 80 cm K\u00f6\u015fe Tak\u0131m\u0131: (3+K+2) K\u00f6\u015fe \/ Corner: geni\u015flik 305 \u00d7 270 cm \/ y\u00fckseklik 83 cm \/ derinlik 97 cm 2+D K\u00f6\u015fe \/ Corner: geni\u015flik 270 \u00d7 185 cm \/ y\u00fckseklik 83 cm \/ derinlik 97 cm","og_url":"https:\/\/bonmarnamestaj.com\/sr\/proizvod\/avva-koltuk-takimi\/","og_site_name":"BONMAR NAMESTAJ | Beograd | Srbija","article_modified_time":"2026-02-16T23:42:52+00:00","og_image":[{"width":1500,"height":817,"url":"https:\/\/bonmarnamestaj.com\/wp-content\/uploads\/2025\/11\/bodrum-A.jpg","type":"image\/jpeg"}],"twitter_card":"summary_large_image","twitter_misc":{"\u041f\u0440\u043e\u0446\u0435\u045a\u0435\u043d\u043e \u0432\u0440\u0435\u043c\u0435 \u0447\u0438\u0442\u0430\u045a\u0430":"1 \u043c\u0438\u043d\u0443\u0442"},"schema":{"@context":"https:\/\/schema.org","@graph":[{"@type":"WebPage","@id":"https:\/\/bonmarnamestaj.com\/urun\/avva-koltuk-takimi\/","url":"https:\/\/bonmarnamestaj.com\/urun\/avva-koltuk-takimi\/","name":"AVVA KOLTUK TAKIMI - BONMAR NAMESTAJ | Beograd | Srbija","isPartOf":{"@id":"https:\/\/bonmarnamestaj.com\/sr\/#website"},"primaryImageOfPage":{"@id":"https:\/\/bonmarnamestaj.com\/urun\/avva-koltuk-takimi\/#primaryimage"},"image":{"@id":"https:\/\/bonmarnamestaj.com\/urun\/avva-koltuk-takimi\/#primaryimage"},"thumbnailUrl":"https:\/\/bonmarnamestaj.com\/wp-content\/uploads\/2025\/11\/bodrum-A.jpg","datePublished":"2026-02-13T22:59:27+00:00","dateModified":"2026-02-16T23:42:52+00:00","breadcrumb":{"@id":"https:\/\/bonmarnamestaj.com\/urun\/avva-koltuk-takimi\/#breadcrumb"},"inLanguage":"sr-RS","potentialAction":[{"@type":"ReadAction","target":["https:\/\/bonmarnamestaj.com\/urun\/avva-koltuk-takimi\/"]}]},{"@type":"ImageObject","inLanguage":"sr-RS","@id":"https:\/\/bonmarnamestaj.com\/urun\/avva-koltuk-takimi\/#primaryimage","url":"https:\/\/bonmarnamestaj.com\/wp-content\/uploads\/2025\/11\/bodrum-A.jpg","contentUrl":"https:\/\/bonmarnamestaj.com\/wp-content\/uploads\/2025\/11\/bodrum-A.jpg","width":1500,"height":817},{"@type":"BreadcrumbList","@id":"https:\/\/bonmarnamestaj.com\/urun\/avva-koltuk-takimi\/#breadcrumb","itemListElement":[{"@type":"ListItem","position":1,"name":"Anasayfa","item":"https:\/\/bonmarnamestaj.com\/sr\/"},{"@type":"ListItem","position":2,"name":"Ma\u011faza","item":"https:\/\/bonmarnamestaj.com\/sr\/%d1%82%d1%80%d0%b6%d0%bd%d0%b8-%d1%86%d0%b5%d0%bd%d1%82%d0%b0%d1%80\/"},{"@type":"ListItem","position":3,"name":"AVVA KOLTUK TAKIMI"}]},{"@type":"WebSite","@id":"https:\/\/bonmarnamestaj.com\/sr\/#website","url":"https:\/\/bonmarnamestaj.com\/sr\/","name":"BONMAR NAMESTAJ | Beograd | Srbija","description":"\u041c\u043e\u0434\u0435\u043b \u043d\u0430\u043c\u0435\u0448\u0442\u0430\u0458\u0430 \u0438 \u0441\u043e\u0444\u0430 \u0437\u0430 2026. \u0433\u043e\u0434\u0438\u043d\u0443","publisher":{"@id":"https:\/\/bonmarnamestaj.com\/sr\/#organization"},"potentialAction":[{"@type":"SearchAction","target":{"@type":"EntryPoint","urlTemplate":"https:\/\/bonmarnamestaj.com\/sr\/?s={search_term_string}"},"query-input":{"@type":"PropertyValueSpecification","valueRequired":true,"valueName":"search_term_string"}}],"inLanguage":"sr-RS"},{"@type":"Organization","@id":"https:\/\/bonmarnamestaj.com\/sr\/#organization","name":"BONMAR NAMESTAJ | Beograd | Srbija","url":"https:\/\/bonmarnamestaj.com\/sr\/","logo":{"@type":"ImageObject","inLanguage":"sr-RS","@id":"https:\/\/bonmarnamestaj.com\/sr\/#\/schema\/logo\/image\/","url":"https:\/\/bonmarnamestaj.com\/wp-content\/uploads\/2025\/12\/cropped-bonmarlogo512.png","contentUrl":"https:\/\/bonmarnamestaj.com\/wp-content\/uploads\/2025\/12\/cropped-bonmarlogo512.png","width":512,"height":512,"caption":"BONMAR NAMESTAJ | Beograd | Srbija"},"image":{"@id":"https:\/\/bonmarnamestaj.com\/sr\/#\/schema\/logo\/image\/"}}]}},"_links":{"self":[{"href":"https:\/\/bonmarnamestaj.com\/sr\/wp-json\/wp\/v2\/product\/3613","targetHints":{"allow":["GET"]}}],"collection":[{"href":"https:\/\/bonmarnamestaj.com\/sr\/wp-json\/wp\/v2\/product"}],"about":[{"href":"https:\/\/bonmarnamestaj.com\/sr\/wp-json\/wp\/v2\/types\/product"}],"wp:featuredmedia":[{"embeddable":true,"href":"https:\/\/bonmarnamestaj.com\/sr\/wp-json\/wp\/v2\/media\/2541"}],"wp:attachment":[{"href":"https:\/\/bonmarnamestaj.com\/sr\/wp-json\/wp\/v2\/media?parent=3613"}],"wp:term":[{"taxonomy":"product_brand","embeddable":true,"href":"https:\/\/bonmarnamestaj.com\/sr\/wp-json\/wp\/v2\/product_brand?post=3613"},{"taxonomy":"product_cat","embeddable":true,"href":"https:\/\/bonmarnamestaj.com\/sr\/wp-json\/wp\/v2\/product_cat?post=3613"},{"taxonomy":"product_tag","embeddable":true,"href":"https:\/\/bonmarnamestaj.com\/sr\/wp-json\/wp\/v2\/product_tag?post=3613"}],"curies":[{"name":"\u0412\u041f","href":"https:\/\/api.w.org\/{rel}","templated":true}]}}