{"id":1967,"date":"2025-11-21T12:51:58","date_gmt":"2025-11-21T12:51:58","guid":{"rendered":"https:\/\/bonmarnamestaj.com\/?post_type=product&#038;p=1967"},"modified":"2026-02-17T22:34:15","modified_gmt":"2026-02-17T22:34:15","slug":"krevet-queen","status":"publish","type":"product","link":"https:\/\/bonmarnamestaj.com\/sr\/proizvod\/krevet-queen\/","title":{"rendered":"KREVET QUEEN -SET"},"content":{"rendered":"","protected":false},"excerpt":{"rendered":"","protected":false},"featured_media":2010,"template":"","meta":[],"product_brand":[58],"product_cat":[29],"product_tag":[],"class_list":{"0":"post-1967","1":"product","2":"type-product","3":"status-publish","4":"has-post-thumbnail","6":"product_brand-160x200","7":"product_cat-francuski-lezajevi","9":"first","10":"instock","11":"sale","12":"shipping-taxable","13":"purchasable","14":"product-type-variable","15":"has-default-attributes"},"yoast_head":"<!-- This site is optimized with the Yoast SEO plugin v26.9 - https:\/\/yoast.com\/product\/yoast-seo-wordpress\/ -->\n<title>KREVET QUEEN -SET - BONMAR NAMESTAJ | Beograd | Srbija<\/title>\n<meta name=\"description\" content=\"Moderan i kvalitetan krevet sa visokim uzglavljem, presvu\u010den \u0161tofom. Poseduje prakti\u010dan sanduk za odlaganje i pru\u017ea savr\u0161en spoj elegancije, udobnosti i funkcionalnosti za svaku spava\u0107u sobu.\" \/>\n<meta name=\"robots\" content=\"index, follow, max-snippet:-1, max-image-preview:large, max-video-preview:-1\" \/>\n<link rel=\"canonical\" href=\"https:\/\/bonmarnamestaj.com\/sr\/proizvod\/krevet-queen\/\" \/>\n<meta property=\"og:locale\" content=\"sr_RS\" \/>\n<meta property=\"og:type\" content=\"article\" \/>\n<meta property=\"og:title\" content=\"KREVET QUEEN -SET - BONMAR NAMESTAJ | Beograd | Srbija\" \/>\n<meta property=\"og:description\" content=\"Moderan i kvalitetan krevet sa visokim uzglavljem, presvu\u010den \u0161tofom. Poseduje prakti\u010dan sanduk za odlaganje i pru\u017ea savr\u0161en spoj elegancije, udobnosti i funkcionalnosti za svaku spava\u0107u sobu.\" \/>\n<meta property=\"og:url\" content=\"https:\/\/bonmarnamestaj.com\/sr\/proizvod\/krevet-queen\/\" \/>\n<meta property=\"og:site_name\" content=\"BONMAR NAMESTAJ | Beograd | Srbija\" \/>\n<meta property=\"article:modified_time\" content=\"2026-02-17T22:34:15+00:00\" \/>\n<meta property=\"og:image\" content=\"https:\/\/bonmarnamestaj.com\/wp-content\/uploads\/2025\/11\/QUEEN-1.jpg\" \/>\n\t<meta property=\"og:image:width\" content=\"564\" \/>\n\t<meta property=\"og:image:height\" content=\"614\" \/>\n\t<meta property=\"og:image:type\" content=\"image\/jpeg\" \/>\n<meta name=\"twitter:card\" content=\"summary_large_image\" \/>\n<meta name=\"twitter:label1\" content=\"\u041f\u0440\u043e\u0446\u0435\u045a\u0435\u043d\u043e \u0432\u0440\u0435\u043c\u0435 \u0447\u0438\u0442\u0430\u045a\u0430\" \/>\n\t<meta name=\"twitter:data1\" content=\"1 \u043c\u0438\u043d\u0443\u0442\" \/>\n<script type=\"application\/ld+json\" class=\"yoast-schema-graph\">{\"@context\":\"https:\/\/schema.org\",\"@graph\":[{\"@type\":\"WebPage\",\"@id\":\"https:\/\/bonmarnamestaj.com\/urun\/krevet-queen\/\",\"url\":\"https:\/\/bonmarnamestaj.com\/urun\/krevet-queen\/\",\"name\":\"KREVET QUEEN -SET - BONMAR NAMESTAJ | Beograd | Srbija\",\"isPartOf\":{\"@id\":\"https:\/\/bonmarnamestaj.com\/sr\/#website\"},\"primaryImageOfPage\":{\"@id\":\"https:\/\/bonmarnamestaj.com\/urun\/krevet-queen\/#primaryimage\"},\"image\":{\"@id\":\"https:\/\/bonmarnamestaj.com\/urun\/krevet-queen\/#primaryimage\"},\"thumbnailUrl\":\"https:\/\/bonmarnamestaj.com\/wp-content\/uploads\/2025\/11\/QUEEN-1.jpg\",\"datePublished\":\"2025-11-21T12:51:58+00:00\",\"dateModified\":\"2026-02-17T22:34:15+00:00\",\"description\":\"Moderan i kvalitetan krevet sa visokim uzglavljem, presvu\u010den \u0161tofom. Poseduje prakti\u010dan sanduk za odlaganje i pru\u017ea savr\u0161en spoj elegancije, udobnosti i funkcionalnosti za svaku spava\u0107u sobu.\",\"breadcrumb\":{\"@id\":\"https:\/\/bonmarnamestaj.com\/urun\/krevet-queen\/#breadcrumb\"},\"inLanguage\":\"sr-RS\",\"potentialAction\":[{\"@type\":\"ReadAction\",\"target\":[\"https:\/\/bonmarnamestaj.com\/urun\/krevet-queen\/\"]}]},{\"@type\":\"ImageObject\",\"inLanguage\":\"sr-RS\",\"@id\":\"https:\/\/bonmarnamestaj.com\/urun\/krevet-queen\/#primaryimage\",\"url\":\"https:\/\/bonmarnamestaj.com\/wp-content\/uploads\/2025\/11\/QUEEN-1.jpg\",\"contentUrl\":\"https:\/\/bonmarnamestaj.com\/wp-content\/uploads\/2025\/11\/QUEEN-1.jpg\",\"width\":564,\"height\":614},{\"@type\":\"BreadcrumbList\",\"@id\":\"https:\/\/bonmarnamestaj.com\/urun\/krevet-queen\/#breadcrumb\",\"itemListElement\":[{\"@type\":\"ListItem\",\"position\":1,\"name\":\"Anasayfa\",\"item\":\"https:\/\/bonmarnamestaj.com\/sr\/\"},{\"@type\":\"ListItem\",\"position\":2,\"name\":\"Ma\u011faza\",\"item\":\"https:\/\/bonmarnamestaj.com\/sr\/%d1%82%d1%80%d0%b6%d0%bd%d0%b8-%d1%86%d0%b5%d0%bd%d1%82%d0%b0%d1%80\/\"},{\"@type\":\"ListItem\",\"position\":3,\"name\":\"KREVET QUEEN -SET\"}]},{\"@type\":\"WebSite\",\"@id\":\"https:\/\/bonmarnamestaj.com\/sr\/#website\",\"url\":\"https:\/\/bonmarnamestaj.com\/sr\/\",\"name\":\"BONMAR NAMESTAJ | Beograd | Srbija\",\"description\":\"Modeli name\u0161taja i sofa za 2026. godinu\",\"publisher\":{\"@id\":\"https:\/\/bonmarnamestaj.com\/sr\/#organization\"},\"potentialAction\":[{\"@type\":\"SearchAction\",\"target\":{\"@type\":\"EntryPoint\",\"urlTemplate\":\"https:\/\/bonmarnamestaj.com\/sr\/?s={search_term_string}\"},\"query-input\":{\"@type\":\"PropertyValueSpecification\",\"valueRequired\":true,\"valueName\":\"search_term_string\"}}],\"inLanguage\":\"sr-RS\"},{\"@type\":\"Organization\",\"@id\":\"https:\/\/bonmarnamestaj.com\/sr\/#organization\",\"name\":\"BONMAR NAMESTAJ | Beograd | Srbija\",\"url\":\"https:\/\/bonmarnamestaj.com\/sr\/\",\"logo\":{\"@type\":\"ImageObject\",\"inLanguage\":\"sr-RS\",\"@id\":\"https:\/\/bonmarnamestaj.com\/sr\/#\/schema\/logo\/image\/\",\"url\":\"https:\/\/bonmarnamestaj.com\/wp-content\/uploads\/2025\/12\/cropped-bonmarlogo512.png\",\"contentUrl\":\"https:\/\/bonmarnamestaj.com\/wp-content\/uploads\/2025\/12\/cropped-bonmarlogo512.png\",\"width\":512,\"height\":512,\"caption\":\"BONMAR NAMESTAJ | Beograd | Srbija\"},\"image\":{\"@id\":\"https:\/\/bonmarnamestaj.com\/sr\/#\/schema\/logo\/image\/\"}}]}<\/script>\n<!-- \/ Yoast SEO plugin. -->","yoast_head_json":{"title":"KREVET QUEEN -SET - BONMAR NAMESTAJ | Beograd | Srbija","description":"Moderan i kvalitetan krevet sa visokim uzglavljem, presvu\u010den \u0161tofom. Poseduje prakti\u010dan sanduk za odlaganje i pru\u017ea savr\u0161en spoj elegancije, udobnosti i funkcionalnosti za svaku spava\u0107u sobu.","robots":{"index":"index","follow":"follow","max-snippet":"max-snippet:-1","max-image-preview":"max-image-preview:large","max-video-preview":"max-video-preview:-1"},"canonical":"https:\/\/bonmarnamestaj.com\/sr\/proizvod\/krevet-queen\/","og_locale":"sr_RS","og_type":"article","og_title":"KREVET QUEEN -SET - BONMAR NAMESTAJ | Beograd | Srbija","og_description":"Moderan i kvalitetan krevet sa visokim uzglavljem, presvu\u010den \u0161tofom. Poseduje prakti\u010dan sanduk za odlaganje i pru\u017ea savr\u0161en spoj elegancije, udobnosti i funkcionalnosti za svaku spava\u0107u sobu.","og_url":"https:\/\/bonmarnamestaj.com\/sr\/proizvod\/krevet-queen\/","og_site_name":"BONMAR NAMESTAJ | Beograd | Srbija","article_modified_time":"2026-02-17T22:34:15+00:00","og_image":[{"width":564,"height":614,"url":"https:\/\/bonmarnamestaj.com\/wp-content\/uploads\/2025\/11\/QUEEN-1.jpg","type":"image\/jpeg"}],"twitter_card":"summary_large_image","twitter_misc":{"\u041f\u0440\u043e\u0446\u0435\u045a\u0435\u043d\u043e \u0432\u0440\u0435\u043c\u0435 \u0447\u0438\u0442\u0430\u045a\u0430":"1 \u043c\u0438\u043d\u0443\u0442"},"schema":{"@context":"https:\/\/schema.org","@graph":[{"@type":"WebPage","@id":"https:\/\/bonmarnamestaj.com\/urun\/krevet-queen\/","url":"https:\/\/bonmarnamestaj.com\/urun\/krevet-queen\/","name":"KREVET QUEEN -SET - BONMAR NAMESTAJ | Beograd | Srbija","isPartOf":{"@id":"https:\/\/bonmarnamestaj.com\/sr\/#website"},"primaryImageOfPage":{"@id":"https:\/\/bonmarnamestaj.com\/urun\/krevet-queen\/#primaryimage"},"image":{"@id":"https:\/\/bonmarnamestaj.com\/urun\/krevet-queen\/#primaryimage"},"thumbnailUrl":"https:\/\/bonmarnamestaj.com\/wp-content\/uploads\/2025\/11\/QUEEN-1.jpg","datePublished":"2025-11-21T12:51:58+00:00","dateModified":"2026-02-17T22:34:15+00:00","description":"Moderan i kvalitetan krevet sa visokim uzglavljem, presvu\u010den \u0161tofom. Poseduje prakti\u010dan sanduk za odlaganje i pru\u017ea savr\u0161en spoj elegancije, udobnosti i funkcionalnosti za svaku spava\u0107u sobu.","breadcrumb":{"@id":"https:\/\/bonmarnamestaj.com\/urun\/krevet-queen\/#breadcrumb"},"inLanguage":"sr-RS","potentialAction":[{"@type":"ReadAction","target":["https:\/\/bonmarnamestaj.com\/urun\/krevet-queen\/"]}]},{"@type":"ImageObject","inLanguage":"sr-RS","@id":"https:\/\/bonmarnamestaj.com\/urun\/krevet-queen\/#primaryimage","url":"https:\/\/bonmarnamestaj.com\/wp-content\/uploads\/2025\/11\/QUEEN-1.jpg","contentUrl":"https:\/\/bonmarnamestaj.com\/wp-content\/uploads\/2025\/11\/QUEEN-1.jpg","width":564,"height":614},{"@type":"BreadcrumbList","@id":"https:\/\/bonmarnamestaj.com\/urun\/krevet-queen\/#breadcrumb","itemListElement":[{"@type":"ListItem","position":1,"name":"Anasayfa","item":"https:\/\/bonmarnamestaj.com\/sr\/"},{"@type":"ListItem","position":2,"name":"Ma\u011faza","item":"https:\/\/bonmarnamestaj.com\/sr\/%d1%82%d1%80%d0%b6%d0%bd%d0%b8-%d1%86%d0%b5%d0%bd%d1%82%d0%b0%d1%80\/"},{"@type":"ListItem","position":3,"name":"KREVET QUEEN -SET"}]},{"@type":"WebSite","@id":"https:\/\/bonmarnamestaj.com\/sr\/#website","url":"https:\/\/bonmarnamestaj.com\/sr\/","name":"BONMAR NAMESTAJ | Beograd | Srbija","description":"\u041c\u043e\u0434\u0435\u043b \u043d\u0430\u043c\u0435\u0448\u0442\u0430\u0458\u0430 \u0438 \u0441\u043e\u0444\u0430 \u0437\u0430 2026. \u0433\u043e\u0434\u0438\u043d\u0443","publisher":{"@id":"https:\/\/bonmarnamestaj.com\/sr\/#organization"},"potentialAction":[{"@type":"SearchAction","target":{"@type":"EntryPoint","urlTemplate":"https:\/\/bonmarnamestaj.com\/sr\/?s={search_term_string}"},"query-input":{"@type":"PropertyValueSpecification","valueRequired":true,"valueName":"search_term_string"}}],"inLanguage":"sr-RS"},{"@type":"Organization","@id":"https:\/\/bonmarnamestaj.com\/sr\/#organization","name":"BONMAR NAMESTAJ | Beograd | Srbija","url":"https:\/\/bonmarnamestaj.com\/sr\/","logo":{"@type":"ImageObject","inLanguage":"sr-RS","@id":"https:\/\/bonmarnamestaj.com\/sr\/#\/schema\/logo\/image\/","url":"https:\/\/bonmarnamestaj.com\/wp-content\/uploads\/2025\/12\/cropped-bonmarlogo512.png","contentUrl":"https:\/\/bonmarnamestaj.com\/wp-content\/uploads\/2025\/12\/cropped-bonmarlogo512.png","width":512,"height":512,"caption":"BONMAR NAMESTAJ | Beograd | Srbija"},"image":{"@id":"https:\/\/bonmarnamestaj.com\/sr\/#\/schema\/logo\/image\/"}}]}},"_links":{"self":[{"href":"https:\/\/bonmarnamestaj.com\/sr\/wp-json\/wp\/v2\/product\/1967","targetHints":{"allow":["GET"]}}],"collection":[{"href":"https:\/\/bonmarnamestaj.com\/sr\/wp-json\/wp\/v2\/product"}],"about":[{"href":"https:\/\/bonmarnamestaj.com\/sr\/wp-json\/wp\/v2\/types\/product"}],"wp:featuredmedia":[{"embeddable":true,"href":"https:\/\/bonmarnamestaj.com\/sr\/wp-json\/wp\/v2\/media\/2010"}],"wp:attachment":[{"href":"https:\/\/bonmarnamestaj.com\/sr\/wp-json\/wp\/v2\/media?parent=1967"}],"wp:term":[{"taxonomy":"product_brand","embeddable":true,"href":"https:\/\/bonmarnamestaj.com\/sr\/wp-json\/wp\/v2\/product_brand?post=1967"},{"taxonomy":"product_cat","embeddable":true,"href":"https:\/\/bonmarnamestaj.com\/sr\/wp-json\/wp\/v2\/product_cat?post=1967"},{"taxonomy":"product_tag","embeddable":true,"href":"https:\/\/bonmarnamestaj.com\/sr\/wp-json\/wp\/v2\/product_tag?post=1967"}],"curies":[{"name":"\u0412\u041f","href":"https:\/\/api.w.org\/{rel}","templated":true}]}}