{"id":1483,"date":"2025-11-12T18:29:27","date_gmt":"2025-11-12T18:29:27","guid":{"rendered":"https:\/\/bonmarnamestaj.com\/?post_type=product&#038;p=1430"},"modified":"2026-02-13T22:34:09","modified_gmt":"2026-02-13T22:34:09","slug":"%d1%81%d0%bf%d0%b0%d0%b2%d0%b0%d1%9b%d0%b0-%d1%81%d0%be%d0%b1%d0%b0-%d1%83-%d0%b1%d0%b0%d1%80%d1%81%d0%b5%d0%bb%d0%be%d0%bd%d0%b8","status":"publish","type":"product","link":"https:\/\/bonmarnamestaj.com\/sr\/proizvod\/%d1%81%d0%bf%d0%b0%d0%b2%d0%b0%d1%9b%d0%b0-%d1%81%d0%be%d0%b1%d0%b0-%d1%83-%d0%b1%d0%b0%d1%80%d1%81%d0%b5%d0%bb%d0%be%d0%bd%d0%b8\/","title":{"rendered":"\u0421\u043f\u0430\u0432\u0430\u045b\u0430 \u0441\u043e\u0431\u0430 \u0443 BARCELONA"},"content":{"rendered":"","protected":false},"excerpt":{"rendered":"<div style=\"font-size:14px; line-height:1.45; color:#222; max-width:500px;\">\n<div style=\"font-weight:600; color:#ff7e00; margin-bottom:8px;\">\n        \u0414\u0438\u043c\u0435\u043d\u0437\u0438\u0458\u0435 \u043f\u0440\u043e\u0438\u0437\u0432\u043e\u0434\u0430\n    <\/div>\n<div style=\"display:flex;\">\n<div style=\"width:110px; font-weight:600;\">\u041d\u0430\u0441\u043b\u043e\u0432:<\/div>\n<div>242072 \u2013 242073<\/div>\n<\/p><\/div>\n<div style=\"display:flex;\">\n<div style=\"width:110px; font-weight:600;\">\u041e\u0440\u043c\u0430\u0440:<\/div>\n<div>\u0448\u0438\u0440\u0438\u043d\u0430 250 \u0446\u043c \/ \u0432\u0438\u0441\u0438\u043d\u0430 220 \u0446\u043c \/ \u0434\u0443\u0431\u0438\u043d\u0430 65 \u0446\u043c<\/div>\n<\/p><\/div>\n<div style=\"display:flex;\">\n<div style=\"width:110px; font-weight:600;\">\u041a\u0440\u0435\u0432\u0435\u0442:<\/div>\n<div>\u0448\u0438\u0440\u0438\u043d\u0430 200 \u0446\u043c \/ \u0432\u0438\u0441\u0438\u043d\u0430 125 \u0446\u043c \/ \u0434\u0443\u0431\u0438\u043d\u0430 235 \u0446\u043c<\/div>\n<\/p><\/div>\n<div style=\"display:flex;\">\n<div style=\"width:110px; font-weight:600;\">\u041a\u043e\u043c\u043e\u0434\u0430:<\/div>\n<div>\u0448\u0438\u0440\u0438\u043d\u0430 142 \u0446\u043c \/ \u0432\u0438\u0441\u0438\u043d\u0430 85 \u0446\u043c \/ \u0434\u0443\u0431\u0438\u043d\u0430 47 \u0446\u043c<\/div>\n<\/p><\/div>\n<div style=\"display:flex;\">\n<div style=\"width:110px; font-weight:600;\">\u041a\u043e\u043c\u043e\u0434\u0430:<\/div>\n<div>\u0448\u0438\u0440\u0438\u043d\u0430 65 \u0446\u043c \/ \u0432\u0438\u0441\u0438\u043d\u0430 40 \u0446\u043c \/ \u0434\u0443\u0431\u0438\u043d\u0430 46 \u0446\u043c<\/div>\n<\/p><\/div>\n<\/p><\/div>\n<\/div>","protected":false},"featured_media":1484,"template":"","meta":[],"product_brand":[],"product_cat":[23],"product_tag":[],"class_list":{"0":"post-1483","1":"product","2":"type-product","3":"status-publish","4":"has-post-thumbnail","6":"product_cat-spavace-sobe","8":"first","9":"instock","10":"shipping-taxable","11":"purchasable","12":"product-type-woosb"},"yoast_head":"<!-- This site is optimized with the Yoast SEO plugin v26.9 - https:\/\/yoast.com\/product\/yoast-seo-wordpress\/ -->\n<title>BARCELONA YATAK ODASI - BONMAR NAMESTAJ | Beograd | Srbija<\/title>\n<meta name=\"robots\" content=\"index, follow, max-snippet:-1, max-image-preview:large, max-video-preview:-1\" \/>\n<link rel=\"canonical\" href=\"https:\/\/bonmarnamestaj.com\/sr\/proizvod\/\u0441\u043f\u0430\u0432\u0430\u045b\u0430-\u0441\u043e\u0431\u0430-\u0443-\u0431\u0430\u0440\u0441\u0435\u043b\u043e\u043d\u0438\/\" \/>\n<meta property=\"og:locale\" content=\"sr_RS\" \/>\n<meta property=\"og:type\" content=\"article\" \/>\n<meta property=\"og:title\" content=\"BARCELONA YATAK ODASI - BONMAR NAMESTAJ | Beograd | Srbija\" \/>\n<meta property=\"og:description\" content=\"\u00dcr\u00fcn \u00d6l\u00e7\u00fcleri               Ba\u015fl\u0131k:       242072 \u2013 242073                  Dolap:       geni\u015flik 250 cm \/ y\u00fckseklik 220 cm \/ derinlik 65 cm                  Karyola:       geni\u015flik 200 cm \/ y\u00fckseklik 125 cm \/ derinlik 235 cm                  \u015eifonyer:       geni\u015flik 142 cm \/ y\u00fckseklik 85 cm \/ derinlik 47 cm                  Komodin:       geni\u015flik 65 cm \/ y\u00fckseklik 40 cm \/ derinlik 46 cm\" \/>\n<meta property=\"og:url\" content=\"https:\/\/bonmarnamestaj.com\/sr\/proizvod\/\u0441\u043f\u0430\u0432\u0430\u045b\u0430-\u0441\u043e\u0431\u0430-\u0443-\u0431\u0430\u0440\u0441\u0435\u043b\u043e\u043d\u0438\/\" \/>\n<meta property=\"og:site_name\" content=\"BONMAR NAMESTAJ | Beograd | Srbija\" \/>\n<meta property=\"article:modified_time\" content=\"2026-02-13T22:34:09+00:00\" \/>\n<meta property=\"og:image\" content=\"https:\/\/bonmarnamestaj.com\/wp-content\/uploads\/2025\/11\/1_20251112211033_0778f21f.jpg\" \/>\n\t<meta property=\"og:image:width\" content=\"1500\" \/>\n\t<meta property=\"og:image:height\" content=\"835\" \/>\n\t<meta property=\"og:image:type\" content=\"image\/jpeg\" \/>\n<meta name=\"twitter:card\" content=\"summary_large_image\" \/>\n<meta name=\"twitter:label1\" content=\"\u041f\u0440\u043e\u0446\u0435\u045a\u0435\u043d\u043e \u0432\u0440\u0435\u043c\u0435 \u0447\u0438\u0442\u0430\u045a\u0430\" \/>\n\t<meta name=\"twitter:data1\" content=\"1 \u043c\u0438\u043d\u0443\u0442\" \/>\n<script type=\"application\/ld+json\" class=\"yoast-schema-graph\">{\"@context\":\"https:\/\/schema.org\",\"@graph\":[{\"@type\":\"WebPage\",\"@id\":\"https:\/\/bonmarnamestaj.com\/urun\/barcelona-yatak-odasi\/\",\"url\":\"https:\/\/bonmarnamestaj.com\/urun\/barcelona-yatak-odasi\/\",\"name\":\"BARCELONA YATAK ODASI - BONMAR NAMESTAJ | Beograd | Srbija\",\"isPartOf\":{\"@id\":\"https:\/\/bonmarnamestaj.com\/sr\/#website\"},\"primaryImageOfPage\":{\"@id\":\"https:\/\/bonmarnamestaj.com\/urun\/barcelona-yatak-odasi\/#primaryimage\"},\"image\":{\"@id\":\"https:\/\/bonmarnamestaj.com\/urun\/barcelona-yatak-odasi\/#primaryimage\"},\"thumbnailUrl\":\"https:\/\/bonmarnamestaj.com\/wp-content\/uploads\/2025\/11\/1_20251112211033_0778f21f.jpg\",\"datePublished\":\"2025-11-12T18:29:27+00:00\",\"dateModified\":\"2026-02-13T22:34:09+00:00\",\"breadcrumb\":{\"@id\":\"https:\/\/bonmarnamestaj.com\/urun\/barcelona-yatak-odasi\/#breadcrumb\"},\"inLanguage\":\"sr-RS\",\"potentialAction\":[{\"@type\":\"ReadAction\",\"target\":[\"https:\/\/bonmarnamestaj.com\/urun\/barcelona-yatak-odasi\/\"]}]},{\"@type\":\"ImageObject\",\"inLanguage\":\"sr-RS\",\"@id\":\"https:\/\/bonmarnamestaj.com\/urun\/barcelona-yatak-odasi\/#primaryimage\",\"url\":\"https:\/\/bonmarnamestaj.com\/wp-content\/uploads\/2025\/11\/1_20251112211033_0778f21f.jpg\",\"contentUrl\":\"https:\/\/bonmarnamestaj.com\/wp-content\/uploads\/2025\/11\/1_20251112211033_0778f21f.jpg\",\"width\":1500,\"height\":835},{\"@type\":\"BreadcrumbList\",\"@id\":\"https:\/\/bonmarnamestaj.com\/urun\/barcelona-yatak-odasi\/#breadcrumb\",\"itemListElement\":[{\"@type\":\"ListItem\",\"position\":1,\"name\":\"Anasayfa\",\"item\":\"https:\/\/bonmarnamestaj.com\/sr\/\"},{\"@type\":\"ListItem\",\"position\":2,\"name\":\"Ma\u011faza\",\"item\":\"https:\/\/bonmarnamestaj.com\/sr\/%d1%82%d1%80%d0%b6%d0%bd%d0%b8-%d1%86%d0%b5%d0%bd%d1%82%d0%b0%d1%80\/\"},{\"@type\":\"ListItem\",\"position\":3,\"name\":\"BARCELONA YATAK ODASI\"}]},{\"@type\":\"WebSite\",\"@id\":\"https:\/\/bonmarnamestaj.com\/sr\/#website\",\"url\":\"https:\/\/bonmarnamestaj.com\/sr\/\",\"name\":\"BONMAR NAMESTAJ | Beograd | Srbija\",\"description\":\"Modeli name\u0161taja i sofa za 2026. godinu\",\"publisher\":{\"@id\":\"https:\/\/bonmarnamestaj.com\/sr\/#organization\"},\"potentialAction\":[{\"@type\":\"SearchAction\",\"target\":{\"@type\":\"EntryPoint\",\"urlTemplate\":\"https:\/\/bonmarnamestaj.com\/sr\/?s={search_term_string}\"},\"query-input\":{\"@type\":\"PropertyValueSpecification\",\"valueRequired\":true,\"valueName\":\"search_term_string\"}}],\"inLanguage\":\"sr-RS\"},{\"@type\":\"Organization\",\"@id\":\"https:\/\/bonmarnamestaj.com\/sr\/#organization\",\"name\":\"BONMAR NAMESTAJ | Beograd | Srbija\",\"url\":\"https:\/\/bonmarnamestaj.com\/sr\/\",\"logo\":{\"@type\":\"ImageObject\",\"inLanguage\":\"sr-RS\",\"@id\":\"https:\/\/bonmarnamestaj.com\/sr\/#\/schema\/logo\/image\/\",\"url\":\"https:\/\/bonmarnamestaj.com\/wp-content\/uploads\/2025\/12\/cropped-bonmarlogo512.png\",\"contentUrl\":\"https:\/\/bonmarnamestaj.com\/wp-content\/uploads\/2025\/12\/cropped-bonmarlogo512.png\",\"width\":512,\"height\":512,\"caption\":\"BONMAR NAMESTAJ | Beograd | Srbija\"},\"image\":{\"@id\":\"https:\/\/bonmarnamestaj.com\/sr\/#\/schema\/logo\/image\/\"}}]}<\/script>\n<!-- \/ Yoast SEO plugin. -->","yoast_head_json":{"title":"BARCELONA YATAK ODASI - BONMAR NAMESTAJ | Beograd | Srbija","robots":{"index":"index","follow":"follow","max-snippet":"max-snippet:-1","max-image-preview":"max-image-preview:large","max-video-preview":"max-video-preview:-1"},"canonical":"https:\/\/bonmarnamestaj.com\/sr\/proizvod\/\u0441\u043f\u0430\u0432\u0430\u045b\u0430-\u0441\u043e\u0431\u0430-\u0443-\u0431\u0430\u0440\u0441\u0435\u043b\u043e\u043d\u0438\/","og_locale":"sr_RS","og_type":"article","og_title":"BARCELONA YATAK ODASI - BONMAR NAMESTAJ | Beograd | Srbija","og_description":"\u00dcr\u00fcn \u00d6l\u00e7\u00fcleri               Ba\u015fl\u0131k:       242072 \u2013 242073                  Dolap:       geni\u015flik 250 cm \/ y\u00fckseklik 220 cm \/ derinlik 65 cm                  Karyola:       geni\u015flik 200 cm \/ y\u00fckseklik 125 cm \/ derinlik 235 cm                  \u015eifonyer:       geni\u015flik 142 cm \/ y\u00fckseklik 85 cm \/ derinlik 47 cm                  Komodin:       geni\u015flik 65 cm \/ y\u00fckseklik 40 cm \/ derinlik 46 cm","og_url":"https:\/\/bonmarnamestaj.com\/sr\/proizvod\/\u0441\u043f\u0430\u0432\u0430\u045b\u0430-\u0441\u043e\u0431\u0430-\u0443-\u0431\u0430\u0440\u0441\u0435\u043b\u043e\u043d\u0438\/","og_site_name":"BONMAR NAMESTAJ | Beograd | Srbija","article_modified_time":"2026-02-13T22:34:09+00:00","og_image":[{"width":1500,"height":835,"url":"https:\/\/bonmarnamestaj.com\/wp-content\/uploads\/2025\/11\/1_20251112211033_0778f21f.jpg","type":"image\/jpeg"}],"twitter_card":"summary_large_image","twitter_misc":{"\u041f\u0440\u043e\u0446\u0435\u045a\u0435\u043d\u043e \u0432\u0440\u0435\u043c\u0435 \u0447\u0438\u0442\u0430\u045a\u0430":"1 \u043c\u0438\u043d\u0443\u0442"},"schema":{"@context":"https:\/\/schema.org","@graph":[{"@type":"WebPage","@id":"https:\/\/bonmarnamestaj.com\/urun\/barcelona-yatak-odasi\/","url":"https:\/\/bonmarnamestaj.com\/urun\/barcelona-yatak-odasi\/","name":"BARCELONA YATAK ODASI - BONMAR NAMESTAJ | Beograd | Srbija","isPartOf":{"@id":"https:\/\/bonmarnamestaj.com\/sr\/#website"},"primaryImageOfPage":{"@id":"https:\/\/bonmarnamestaj.com\/urun\/barcelona-yatak-odasi\/#primaryimage"},"image":{"@id":"https:\/\/bonmarnamestaj.com\/urun\/barcelona-yatak-odasi\/#primaryimage"},"thumbnailUrl":"https:\/\/bonmarnamestaj.com\/wp-content\/uploads\/2025\/11\/1_20251112211033_0778f21f.jpg","datePublished":"2025-11-12T18:29:27+00:00","dateModified":"2026-02-13T22:34:09+00:00","breadcrumb":{"@id":"https:\/\/bonmarnamestaj.com\/urun\/barcelona-yatak-odasi\/#breadcrumb"},"inLanguage":"sr-RS","potentialAction":[{"@type":"ReadAction","target":["https:\/\/bonmarnamestaj.com\/urun\/barcelona-yatak-odasi\/"]}]},{"@type":"ImageObject","inLanguage":"sr-RS","@id":"https:\/\/bonmarnamestaj.com\/urun\/barcelona-yatak-odasi\/#primaryimage","url":"https:\/\/bonmarnamestaj.com\/wp-content\/uploads\/2025\/11\/1_20251112211033_0778f21f.jpg","contentUrl":"https:\/\/bonmarnamestaj.com\/wp-content\/uploads\/2025\/11\/1_20251112211033_0778f21f.jpg","width":1500,"height":835},{"@type":"BreadcrumbList","@id":"https:\/\/bonmarnamestaj.com\/urun\/barcelona-yatak-odasi\/#breadcrumb","itemListElement":[{"@type":"ListItem","position":1,"name":"Anasayfa","item":"https:\/\/bonmarnamestaj.com\/sr\/"},{"@type":"ListItem","position":2,"name":"Ma\u011faza","item":"https:\/\/bonmarnamestaj.com\/sr\/%d1%82%d1%80%d0%b6%d0%bd%d0%b8-%d1%86%d0%b5%d0%bd%d1%82%d0%b0%d1%80\/"},{"@type":"ListItem","position":3,"name":"BARCELONA YATAK ODASI"}]},{"@type":"WebSite","@id":"https:\/\/bonmarnamestaj.com\/sr\/#website","url":"https:\/\/bonmarnamestaj.com\/sr\/","name":"BONMAR NAMESTAJ | Beograd | Srbija","description":"\u041c\u043e\u0434\u0435\u043b \u043d\u0430\u043c\u0435\u0448\u0442\u0430\u0458\u0430 \u0438 \u0441\u043e\u0444\u0430 \u0437\u0430 2026. \u0433\u043e\u0434\u0438\u043d\u0443","publisher":{"@id":"https:\/\/bonmarnamestaj.com\/sr\/#organization"},"potentialAction":[{"@type":"SearchAction","target":{"@type":"EntryPoint","urlTemplate":"https:\/\/bonmarnamestaj.com\/sr\/?s={search_term_string}"},"query-input":{"@type":"PropertyValueSpecification","valueRequired":true,"valueName":"search_term_string"}}],"inLanguage":"sr-RS"},{"@type":"Organization","@id":"https:\/\/bonmarnamestaj.com\/sr\/#organization","name":"BONMAR NAMESTAJ | Beograd | Srbija","url":"https:\/\/bonmarnamestaj.com\/sr\/","logo":{"@type":"ImageObject","inLanguage":"sr-RS","@id":"https:\/\/bonmarnamestaj.com\/sr\/#\/schema\/logo\/image\/","url":"https:\/\/bonmarnamestaj.com\/wp-content\/uploads\/2025\/12\/cropped-bonmarlogo512.png","contentUrl":"https:\/\/bonmarnamestaj.com\/wp-content\/uploads\/2025\/12\/cropped-bonmarlogo512.png","width":512,"height":512,"caption":"BONMAR NAMESTAJ | Beograd | Srbija"},"image":{"@id":"https:\/\/bonmarnamestaj.com\/sr\/#\/schema\/logo\/image\/"}}]}},"_links":{"self":[{"href":"https:\/\/bonmarnamestaj.com\/sr\/wp-json\/wp\/v2\/product\/1483","targetHints":{"allow":["GET"]}}],"collection":[{"href":"https:\/\/bonmarnamestaj.com\/sr\/wp-json\/wp\/v2\/product"}],"about":[{"href":"https:\/\/bonmarnamestaj.com\/sr\/wp-json\/wp\/v2\/types\/product"}],"wp:featuredmedia":[{"embeddable":true,"href":"https:\/\/bonmarnamestaj.com\/sr\/wp-json\/wp\/v2\/media\/1484"}],"wp:attachment":[{"href":"https:\/\/bonmarnamestaj.com\/sr\/wp-json\/wp\/v2\/media?parent=1483"}],"wp:term":[{"taxonomy":"product_brand","embeddable":true,"href":"https:\/\/bonmarnamestaj.com\/sr\/wp-json\/wp\/v2\/product_brand?post=1483"},{"taxonomy":"product_cat","embeddable":true,"href":"https:\/\/bonmarnamestaj.com\/sr\/wp-json\/wp\/v2\/product_cat?post=1483"},{"taxonomy":"product_tag","embeddable":true,"href":"https:\/\/bonmarnamestaj.com\/sr\/wp-json\/wp\/v2\/product_tag?post=1483"}],"curies":[{"name":"\u0412\u041f","href":"https:\/\/api.w.org\/{rel}","templated":true}]}}