{"id":1039,"date":"2025-11-12T18:28:45","date_gmt":"2025-11-12T18:28:45","guid":{"rendered":"https:\/\/bonmarnamestaj.com\/?post_type=product&#038;p=979"},"modified":"2026-02-11T23:12:27","modified_gmt":"2026-02-11T23:12:27","slug":"meta-e-ugaona-garnitura","status":"publish","type":"product","link":"https:\/\/bonmarnamestaj.com\/sr\/proizvod\/meta-e-ugaona-garnitura\/","title":{"rendered":"UG META-E-3UG2"},"content":{"rendered":"<div class=\"wpb-content-wrapper\"><div class=\"vc_row wpb_row vc_row-fluid vc_row-o-content-middle vc_row-flex wd-rs-6943f0dcc8d2a\"><div class=\"wpb_column vc_column_container vc_col-sm-12 wd-enabled-flex wd-rs-6943f1099e5a9\"><div class=\"vc_column-inner\"><div class=\"wpb_wrapper\">\n\t<div class=\"wpb_text_column wpb_content_element\" >\n\t\t<div class=\"wpb_wrapper\">\n\t\t\t<h4 style=\"text-align: center;\">\u0412\u0418\u0414\u0415\u041e \u041e \u0418\u041d\u0421\u0422\u0410\u041b\u0410\u0426\u0418\u0408\u0418<\/h4>\n\n\t\t<\/div>\n\t<\/div>\n\t\t<div class=\"wd-el-video wd-wpb wd-rs-6943f746c7a5d wd-enabled-width wd-action-without wd-video-hosted wd-with-aspect-ratio\">\n\t\t\t\t\t\t\t<video src=\"https:\/\/bonmarnamestaj.com\/wp-content\/uploads\/2025\/11\/META-KOSE.mov\" playsinline controls preload=\"metadata\"><\/video>\t\t\t\n\t\t\t\n\t\t\t\n\t\t\t\t\t<\/div>\n\t\t<\/div><\/div><\/div><\/div>\n<\/div>","protected":false},"excerpt":{"rendered":"<div style=\"font-size: 14px; line-height: 1.32; color: #222; max-width: 520px; margin: 0 auto;\">\n<div style=\"font-weight: bold; color: #ff7e00; margin: 14px 0 6px;\">\u0423\u0433\u0430\u043e\u043d\u0438 \u043c\u043e\u0434\u0443\u043b\u0438<\/div>\n<div><b>(3+\u041a+2) \u0423\u0433\u0430\u043e:<\/b> \u0448\u0438\u0440\u0438\u043d\u0430 310\u00d7270 \u0446\u043c \/ \u0432\u0438\u0441\u0438\u043d\u0430 90 \u0446\u043c \/ \u0434\u0443\u0431\u0438\u043d\u0430 100 \u0446\u043c<\/div>\n<div><b>2+\u0414 \u0443\u0433\u0430\u043e:<\/b> \u0448\u0438\u0440\u0438\u043d\u0430 270\u00d7190 \u0446\u043c \/ \u0432\u0438\u0441\u0438\u043d\u0430 90 \u0446\u043c \/ \u0434\u0443\u0431\u0438\u043d\u0430 190 \u0446\u043c<\/div>\n<div><b>\u0423\u0433\u0430\u043e\u043d\u0438 \u043c\u043e\u0434\u0443\u043b:<\/b> \u0448\u0438\u0440\u0438\u043d\u0430 95 \u0446\u043c \/ \u0432\u0438\u0441\u0438\u043d\u0430 90 \u0446\u043c \/ \u0434\u0443\u0431\u0438\u043d\u0430 95 \u0446\u043c<\/div>\n<div style=\"font-weight: bold; color: #ff7e00; margin: 14px 0 6px;\">\u0421\u0442\u0430\u043d\u0434\u0430\u0440\u0434\u043d\u0438 \u043c\u043e\u0434\u0443\u043b\u0438<\/div>\n<div><b>\u041a\u041f90:<\/b> \u0448\u0438\u0440\u0438\u043d\u0430 120 \u0446\u043c \/ \u0432\u0438\u0441\u0438\u043d\u0430 90 \u0446\u043c \/ \u0434\u0443\u0431\u0438\u043d\u0430 100 \u0446\u043c<\/div>\n<div><b>\u041a\u041f70:<\/b> \u0448\u0438\u0440\u0438\u043d\u0430 100 \u0446\u043c \/ \u0432\u0438\u0441\u0438\u043d\u0430 90 \u0446\u043c \/ \u0434\u0443\u0431\u0438\u043d\u0430 100 \u0446\u043c<\/div>\n<div><b>\u041a\u041f60:<\/b> \u0448\u0438\u0440\u0438\u043d\u0430 90 \u0446\u043c \/ \u0432\u0438\u0441\u0438\u043d\u0430 90 \u0446\u043c \/ \u0434\u0443\u0431\u0438\u043d\u0430 100 \u0446\u043c<\/div>\n<div style=\"font-weight: bold; color: #ff7e00; margin: 14px 0 6px;\">\u041c\u043e\u0434\u0443\u043b\u0438 \u0437\u0430 \u043f\u0443\u0444\u043e\u0432\u0435<\/div>\n<div><b>\u041f1 (70):<\/b> \u0448\u0438\u0440\u0438\u043d\u0430 70 \u0446\u043c \/ \u0432\u0438\u0441\u0438\u043d\u0430 90 \u0446\u043c \/ \u0434\u0443\u0431\u0438\u043d\u0430 100 \u0446\u043c<\/div>\n<div><b>\u041f2 (90):<\/b> \u0448\u0438\u0440\u0438\u043d\u0430 90 \u0446\u043c \/ \u0432\u0438\u0441\u0438\u043d\u0430 90 \u0446\u043c \/ \u0434\u0443\u0431\u0438\u043d\u0430 100 \u0446\u043c<\/div>\n<div><b>\u041f1 (70) \u041f\u0443\u0444:<\/b> \u0448\u0438\u0440\u0438\u043d\u0430 70 \u0446\u043c \/ \u0432\u0438\u0441\u0438\u043d\u0430 45 \u0446\u043c \/ \u0434\u0443\u0431\u0438\u043d\u0430 100 \u0446\u043c<\/div>\n<div><b>\u041f2 (90) \u041f\u0443\u0444:<\/b> \u0448\u0438\u0440\u0438\u043d\u0430 90 \u0446\u043c \/ \u0432\u0438\u0441\u0438\u043d\u0430 45 \u0446\u043c \/ \u0434\u0443\u0431\u0438\u043d\u0430 100 \u0446\u043c<\/div>\n<div><b>\u041f3 (60) \u041f\u0443\u0444:<\/b> \u0448\u0438\u0440\u0438\u043d\u0430 60 \u0446\u043c \/ \u0432\u0438\u0441\u0438\u043d\u0430 45 \u0446\u043c \/ \u0434\u0443\u0431\u0438\u043d\u0430 100 \u0446\u043c<\/div>\n<div><b>\u041a\u041f (120) \u041f\u0443\u0444:<\/b> \u0448\u0438\u0440\u0438\u043d\u0430 150 \u0446\u043c \/ \u0432\u0438\u0441\u0438\u043d\u0430 90 \u0446\u043c \/ \u0434\u0443\u0431\u0438\u043d\u0430 100 \u0446\u043c<\/div>\n<div><b>\u041a\u041f (140) \u041f\u0443\u0444:<\/b> \u0448\u0438\u0440\u0438\u043d\u0430 170 \u0446\u043c \/ \u0432\u0438\u0441\u0438\u043d\u0430 90 \u0446\u043c \/ \u0434\u0443\u0431\u0438\u043d\u0430 100 \u0446\u043c<\/div>\n<div><b>\u041a\u041f (180) \u041f\u0443\u0444:<\/b> \u0448\u0438\u0440\u0438\u043d\u0430 210 \u0446\u043c \/ \u0432\u0438\u0441\u0438\u043d\u0430 90 \u0446\u043c \/ \u0434\u0443\u0431\u0438\u043d\u0430 190 \u0446\u043c<\/div>\n<div style=\"font-weight: bold; color: #ff7e00; margin: 14px 0 6px;\">\u0414\u043e\u0434\u0430\u0442\u043d\u0430 \u043e\u043f\u0440\u0435\u043c\u0430<\/div>\n<div><b>\u041c\u0421:<\/b> \u0448\u0438\u0440\u0438\u043d\u0430 40 \u0446\u043c \/ \u0432\u0438\u0441\u0438\u043d\u0430 45 \u0446\u043c \/ \u0434\u0443\u0431\u0438\u043d\u0430 100 \u0446\u043c<\/div>\n<div><b>\u041a\u043b\u0443\u0431 \u0441\u0442\u043e\u0447\u0438\u045b:<\/b> \u0448\u0438\u0440\u0438\u043d\u0430 40 \u0446\u043c \/ \u0432\u0438\u0441\u0438\u043d\u0430 45 \u0446\u043c \/ \u0434\u0443\u0431\u0438\u043d\u0430 100 \u0446\u043c<\/div>\n<div style=\"font-weight: bold; color: #ff7e00; margin: 14px 0 6px;\">\u041a\u043e\u043c\u0431\u0438\u043d\u043e\u0432\u0430\u043d\u0438 \u0441\u0435\u0442<\/div>\n<div><b>\u041a\u041f90+\u0421+90\u041f+\u041a+70\u041f+\u041c\u0421+70\u041a\u041f:<\/b> \u0448\u0438\u0440\u0438\u043d\u0430 350\u00d7310 \u0446\u043c \/ \u0432\u0438\u0441\u0438\u043d\u0430 90 \u0446\u043c \/ \u0434\u0443\u0431\u0438\u043d\u0430 100 \u0446\u043c<\/div>\n<\/div>","protected":false},"featured_media":1040,"template":"","meta":[],"product_brand":[],"product_cat":[20],"product_tag":[],"class_list":{"0":"post-1039","1":"product","2":"type-product","3":"status-publish","4":"has-post-thumbnail","6":"product_cat-ugaone-garniture","8":"first","9":"instock","10":"shipping-taxable","11":"purchasable","12":"product-type-simple"},"yoast_head":"<!-- This site is optimized with the Yoast SEO plugin v26.9 - https:\/\/yoast.com\/product\/yoast-seo-wordpress\/ -->\n<title>META -E K\u00d6\u015eE TAKIMI - BONMAR NAMESTAJ | Beograd | Srbija<\/title>\n<meta name=\"robots\" content=\"index, follow, max-snippet:-1, max-image-preview:large, max-video-preview:-1\" \/>\n<link rel=\"canonical\" href=\"https:\/\/bonmarnamestaj.com\/sr\/proizvod\/meta-e-ugaona-garnitura\/\" \/>\n<meta property=\"og:locale\" content=\"sr_RS\" \/>\n<meta property=\"og:type\" content=\"article\" \/>\n<meta property=\"og:title\" content=\"META -E K\u00d6\u015eE TAKIMI - BONMAR NAMESTAJ | Beograd | Srbija\" \/>\n<meta property=\"og:description\" content=\"K\u00f6\u015fe Mod\u00fclleri (3+K+2) K\u00f6\u015fe: geni\u015flik 310\u00d7270 cm \/ y\u00fckseklik 90 cm \/ derinlik 100 cm 2+D K\u00f6\u015fe: geni\u015flik 270\u00d7190 cm \/ y\u00fckseklik 90 cm \/ derinlik 190 cm K\u00f6\u015fe Mod\u00fcl: geni\u015flik 95 cm \/ y\u00fckseklik 90 cm \/ derinlik 95 cm Standart Mod\u00fcller KP90: geni\u015flik 120 cm \/ y\u00fckseklik 90 cm \/ derinlik 100 cm KP70: geni\u015flik 100 cm \/ y\u00fckseklik 90 cm \/ derinlik 100 cm KP60: geni\u015flik 90 cm \/ y\u00fckseklik 90 cm \/ derinlik 100 cm Puf Mod\u00fclleri P1 (70): geni\u015flik 70 cm \/ y\u00fckseklik 90 cm \/ derinlik 100 cm P2 (90): geni\u015flik 90 cm \/ y\u00fckseklik 90 cm \/ derinlik 100 cm P1 (70) Puf: geni\u015flik 70 cm \/ y\u00fckseklik 45 cm \/ derinlik 100 cm P2 (90) Puf: geni\u015flik 90 cm \/ y\u00fckseklik 45 cm \/ derinlik 100 cm P3 (60) Puf: geni\u015flik 60 cm \/ y\u00fckseklik 45 cm \/ derinlik 100 cm KP (120) Puf: geni\u015flik 150 cm \/ y\u00fckseklik 90 cm \/ derinlik 100 cm KP (140) Puf: geni\u015flik 170 cm \/ y\u00fckseklik 90 cm \/ derinlik 100 cm KP (180) Puf: geni\u015flik 210 cm \/ y\u00fckseklik 90 cm \/ derinlik 190 cm Aksesuarlar MS: geni\u015flik 40 cm \/ y\u00fckseklik 45 cm \/ derinlik 100 cm Sehpa: geni\u015flik 40 cm \/ y\u00fckseklik 45 cm \/ derinlik 100 cm Kombin Seti KP90+S+90P+K+70P+MS+70KP: geni\u015flik 350\u00d7310 cm \/ y\u00fckseklik 90 cm \/ derinlik 100 cm\" \/>\n<meta property=\"og:url\" content=\"https:\/\/bonmarnamestaj.com\/sr\/proizvod\/meta-e-ugaona-garnitura\/\" \/>\n<meta property=\"og:site_name\" content=\"BONMAR NAMESTAJ | Beograd | Srbija\" \/>\n<meta property=\"article:modified_time\" content=\"2026-02-11T23:12:27+00:00\" \/>\n<meta property=\"og:image\" content=\"https:\/\/bonmarnamestaj.com\/wp-content\/uploads\/2025\/11\/WhatsApp_Image_2024-12-24_at_3.53.22_PM__1__20251112210625_ec874b79.jpg\" \/>\n\t<meta property=\"og:image:width\" content=\"1500\" \/>\n\t<meta property=\"og:image:height\" content=\"996\" \/>\n\t<meta property=\"og:image:type\" content=\"image\/jpeg\" \/>\n<meta name=\"twitter:card\" content=\"summary_large_image\" \/>\n<meta name=\"twitter:label1\" content=\"\u041f\u0440\u043e\u0446\u0435\u045a\u0435\u043d\u043e \u0432\u0440\u0435\u043c\u0435 \u0447\u0438\u0442\u0430\u045a\u0430\" \/>\n\t<meta name=\"twitter:data1\" content=\"2 \u043c\u0438\u043d\u0443\u0442\u0430\" \/>\n<script type=\"application\/ld+json\" class=\"yoast-schema-graph\">{\"@context\":\"https:\/\/schema.org\",\"@graph\":[{\"@type\":\"WebPage\",\"@id\":\"https:\/\/bonmarnamestaj.com\/urun\/meta-e-kose-takimi\/\",\"url\":\"https:\/\/bonmarnamestaj.com\/urun\/meta-e-kose-takimi\/\",\"name\":\"META -E K\u00d6\u015eE TAKIMI - BONMAR NAMESTAJ | Beograd | Srbija\",\"isPartOf\":{\"@id\":\"https:\/\/bonmarnamestaj.com\/sr\/#website\"},\"primaryImageOfPage\":{\"@id\":\"https:\/\/bonmarnamestaj.com\/urun\/meta-e-kose-takimi\/#primaryimage\"},\"image\":{\"@id\":\"https:\/\/bonmarnamestaj.com\/urun\/meta-e-kose-takimi\/#primaryimage\"},\"thumbnailUrl\":\"https:\/\/bonmarnamestaj.com\/wp-content\/uploads\/2025\/11\/WhatsApp_Image_2024-12-24_at_3.53.22_PM__1__20251112210625_ec874b79.jpg\",\"datePublished\":\"2025-11-12T18:28:45+00:00\",\"dateModified\":\"2026-02-11T23:12:27+00:00\",\"breadcrumb\":{\"@id\":\"https:\/\/bonmarnamestaj.com\/urun\/meta-e-kose-takimi\/#breadcrumb\"},\"inLanguage\":\"sr-RS\",\"potentialAction\":[{\"@type\":\"ReadAction\",\"target\":[\"https:\/\/bonmarnamestaj.com\/urun\/meta-e-kose-takimi\/\"]}]},{\"@type\":\"ImageObject\",\"inLanguage\":\"sr-RS\",\"@id\":\"https:\/\/bonmarnamestaj.com\/urun\/meta-e-kose-takimi\/#primaryimage\",\"url\":\"https:\/\/bonmarnamestaj.com\/wp-content\/uploads\/2025\/11\/WhatsApp_Image_2024-12-24_at_3.53.22_PM__1__20251112210625_ec874b79.jpg\",\"contentUrl\":\"https:\/\/bonmarnamestaj.com\/wp-content\/uploads\/2025\/11\/WhatsApp_Image_2024-12-24_at_3.53.22_PM__1__20251112210625_ec874b79.jpg\",\"width\":1500,\"height\":996},{\"@type\":\"BreadcrumbList\",\"@id\":\"https:\/\/bonmarnamestaj.com\/urun\/meta-e-kose-takimi\/#breadcrumb\",\"itemListElement\":[{\"@type\":\"ListItem\",\"position\":1,\"name\":\"Anasayfa\",\"item\":\"https:\/\/bonmarnamestaj.com\/sr\/\"},{\"@type\":\"ListItem\",\"position\":2,\"name\":\"Ma\u011faza\",\"item\":\"https:\/\/bonmarnamestaj.com\/sr\/%d1%82%d1%80%d0%b6%d0%bd%d0%b8-%d1%86%d0%b5%d0%bd%d1%82%d0%b0%d1%80\/\"},{\"@type\":\"ListItem\",\"position\":3,\"name\":\"META -E K\u00d6\u015eE TAKIMI\"}]},{\"@type\":\"WebSite\",\"@id\":\"https:\/\/bonmarnamestaj.com\/sr\/#website\",\"url\":\"https:\/\/bonmarnamestaj.com\/sr\/\",\"name\":\"BONMAR NAMESTAJ | Beograd | Srbija\",\"description\":\"Modeli name\u0161taja i sofa za 2026. godinu\",\"publisher\":{\"@id\":\"https:\/\/bonmarnamestaj.com\/sr\/#organization\"},\"potentialAction\":[{\"@type\":\"SearchAction\",\"target\":{\"@type\":\"EntryPoint\",\"urlTemplate\":\"https:\/\/bonmarnamestaj.com\/sr\/?s={search_term_string}\"},\"query-input\":{\"@type\":\"PropertyValueSpecification\",\"valueRequired\":true,\"valueName\":\"search_term_string\"}}],\"inLanguage\":\"sr-RS\"},{\"@type\":\"Organization\",\"@id\":\"https:\/\/bonmarnamestaj.com\/sr\/#organization\",\"name\":\"BONMAR NAMESTAJ | Beograd | Srbija\",\"url\":\"https:\/\/bonmarnamestaj.com\/sr\/\",\"logo\":{\"@type\":\"ImageObject\",\"inLanguage\":\"sr-RS\",\"@id\":\"https:\/\/bonmarnamestaj.com\/sr\/#\/schema\/logo\/image\/\",\"url\":\"https:\/\/bonmarnamestaj.com\/wp-content\/uploads\/2025\/12\/cropped-bonmarlogo512.png\",\"contentUrl\":\"https:\/\/bonmarnamestaj.com\/wp-content\/uploads\/2025\/12\/cropped-bonmarlogo512.png\",\"width\":512,\"height\":512,\"caption\":\"BONMAR NAMESTAJ | Beograd | Srbija\"},\"image\":{\"@id\":\"https:\/\/bonmarnamestaj.com\/sr\/#\/schema\/logo\/image\/\"}}]}<\/script>\n<!-- \/ Yoast SEO plugin. -->","yoast_head_json":{"title":"META -E K\u00d6\u015eE TAKIMI - BONMAR NAMESTAJ | Beograd | Srbija","robots":{"index":"index","follow":"follow","max-snippet":"max-snippet:-1","max-image-preview":"max-image-preview:large","max-video-preview":"max-video-preview:-1"},"canonical":"https:\/\/bonmarnamestaj.com\/sr\/proizvod\/meta-e-ugaona-garnitura\/","og_locale":"sr_RS","og_type":"article","og_title":"META -E K\u00d6\u015eE TAKIMI - BONMAR NAMESTAJ | Beograd | Srbija","og_description":"K\u00f6\u015fe Mod\u00fclleri (3+K+2) K\u00f6\u015fe: geni\u015flik 310\u00d7270 cm \/ y\u00fckseklik 90 cm \/ derinlik 100 cm 2+D K\u00f6\u015fe: geni\u015flik 270\u00d7190 cm \/ y\u00fckseklik 90 cm \/ derinlik 190 cm K\u00f6\u015fe Mod\u00fcl: geni\u015flik 95 cm \/ y\u00fckseklik 90 cm \/ derinlik 95 cm Standart Mod\u00fcller KP90: geni\u015flik 120 cm \/ y\u00fckseklik 90 cm \/ derinlik 100 cm KP70: geni\u015flik 100 cm \/ y\u00fckseklik 90 cm \/ derinlik 100 cm KP60: geni\u015flik 90 cm \/ y\u00fckseklik 90 cm \/ derinlik 100 cm Puf Mod\u00fclleri P1 (70): geni\u015flik 70 cm \/ y\u00fckseklik 90 cm \/ derinlik 100 cm P2 (90): geni\u015flik 90 cm \/ y\u00fckseklik 90 cm \/ derinlik 100 cm P1 (70) Puf: geni\u015flik 70 cm \/ y\u00fckseklik 45 cm \/ derinlik 100 cm P2 (90) Puf: geni\u015flik 90 cm \/ y\u00fckseklik 45 cm \/ derinlik 100 cm P3 (60) Puf: geni\u015flik 60 cm \/ y\u00fckseklik 45 cm \/ derinlik 100 cm KP (120) Puf: geni\u015flik 150 cm \/ y\u00fckseklik 90 cm \/ derinlik 100 cm KP (140) Puf: geni\u015flik 170 cm \/ y\u00fckseklik 90 cm \/ derinlik 100 cm KP (180) Puf: geni\u015flik 210 cm \/ y\u00fckseklik 90 cm \/ derinlik 190 cm Aksesuarlar MS: geni\u015flik 40 cm \/ y\u00fckseklik 45 cm \/ derinlik 100 cm Sehpa: geni\u015flik 40 cm \/ y\u00fckseklik 45 cm \/ derinlik 100 cm Kombin Seti KP90+S+90P+K+70P+MS+70KP: geni\u015flik 350\u00d7310 cm \/ y\u00fckseklik 90 cm \/ derinlik 100 cm","og_url":"https:\/\/bonmarnamestaj.com\/sr\/proizvod\/meta-e-ugaona-garnitura\/","og_site_name":"BONMAR NAMESTAJ | Beograd | Srbija","article_modified_time":"2026-02-11T23:12:27+00:00","og_image":[{"width":1500,"height":996,"url":"https:\/\/bonmarnamestaj.com\/wp-content\/uploads\/2025\/11\/WhatsApp_Image_2024-12-24_at_3.53.22_PM__1__20251112210625_ec874b79.jpg","type":"image\/jpeg"}],"twitter_card":"summary_large_image","twitter_misc":{"\u041f\u0440\u043e\u0446\u0435\u045a\u0435\u043d\u043e \u0432\u0440\u0435\u043c\u0435 \u0447\u0438\u0442\u0430\u045a\u0430":"2 \u043c\u0438\u043d\u0443\u0442\u0430"},"schema":{"@context":"https:\/\/schema.org","@graph":[{"@type":"WebPage","@id":"https:\/\/bonmarnamestaj.com\/urun\/meta-e-kose-takimi\/","url":"https:\/\/bonmarnamestaj.com\/urun\/meta-e-kose-takimi\/","name":"META -E K\u00d6\u015eE TAKIMI - BONMAR NAMESTAJ | Beograd | Srbija","isPartOf":{"@id":"https:\/\/bonmarnamestaj.com\/sr\/#website"},"primaryImageOfPage":{"@id":"https:\/\/bonmarnamestaj.com\/urun\/meta-e-kose-takimi\/#primaryimage"},"image":{"@id":"https:\/\/bonmarnamestaj.com\/urun\/meta-e-kose-takimi\/#primaryimage"},"thumbnailUrl":"https:\/\/bonmarnamestaj.com\/wp-content\/uploads\/2025\/11\/WhatsApp_Image_2024-12-24_at_3.53.22_PM__1__20251112210625_ec874b79.jpg","datePublished":"2025-11-12T18:28:45+00:00","dateModified":"2026-02-11T23:12:27+00:00","breadcrumb":{"@id":"https:\/\/bonmarnamestaj.com\/urun\/meta-e-kose-takimi\/#breadcrumb"},"inLanguage":"sr-RS","potentialAction":[{"@type":"ReadAction","target":["https:\/\/bonmarnamestaj.com\/urun\/meta-e-kose-takimi\/"]}]},{"@type":"ImageObject","inLanguage":"sr-RS","@id":"https:\/\/bonmarnamestaj.com\/urun\/meta-e-kose-takimi\/#primaryimage","url":"https:\/\/bonmarnamestaj.com\/wp-content\/uploads\/2025\/11\/WhatsApp_Image_2024-12-24_at_3.53.22_PM__1__20251112210625_ec874b79.jpg","contentUrl":"https:\/\/bonmarnamestaj.com\/wp-content\/uploads\/2025\/11\/WhatsApp_Image_2024-12-24_at_3.53.22_PM__1__20251112210625_ec874b79.jpg","width":1500,"height":996},{"@type":"BreadcrumbList","@id":"https:\/\/bonmarnamestaj.com\/urun\/meta-e-kose-takimi\/#breadcrumb","itemListElement":[{"@type":"ListItem","position":1,"name":"Anasayfa","item":"https:\/\/bonmarnamestaj.com\/sr\/"},{"@type":"ListItem","position":2,"name":"Ma\u011faza","item":"https:\/\/bonmarnamestaj.com\/sr\/%d1%82%d1%80%d0%b6%d0%bd%d0%b8-%d1%86%d0%b5%d0%bd%d1%82%d0%b0%d1%80\/"},{"@type":"ListItem","position":3,"name":"META -E K\u00d6\u015eE TAKIMI"}]},{"@type":"WebSite","@id":"https:\/\/bonmarnamestaj.com\/sr\/#website","url":"https:\/\/bonmarnamestaj.com\/sr\/","name":"BONMAR NAMESTAJ | Beograd | Srbija","description":"\u041c\u043e\u0434\u0435\u043b \u043d\u0430\u043c\u0435\u0448\u0442\u0430\u0458\u0430 \u0438 \u0441\u043e\u0444\u0430 \u0437\u0430 2026. \u0433\u043e\u0434\u0438\u043d\u0443","publisher":{"@id":"https:\/\/bonmarnamestaj.com\/sr\/#organization"},"potentialAction":[{"@type":"SearchAction","target":{"@type":"EntryPoint","urlTemplate":"https:\/\/bonmarnamestaj.com\/sr\/?s={search_term_string}"},"query-input":{"@type":"PropertyValueSpecification","valueRequired":true,"valueName":"search_term_string"}}],"inLanguage":"sr-RS"},{"@type":"Organization","@id":"https:\/\/bonmarnamestaj.com\/sr\/#organization","name":"BONMAR NAMESTAJ | Beograd | Srbija","url":"https:\/\/bonmarnamestaj.com\/sr\/","logo":{"@type":"ImageObject","inLanguage":"sr-RS","@id":"https:\/\/bonmarnamestaj.com\/sr\/#\/schema\/logo\/image\/","url":"https:\/\/bonmarnamestaj.com\/wp-content\/uploads\/2025\/12\/cropped-bonmarlogo512.png","contentUrl":"https:\/\/bonmarnamestaj.com\/wp-content\/uploads\/2025\/12\/cropped-bonmarlogo512.png","width":512,"height":512,"caption":"BONMAR NAMESTAJ | Beograd | Srbija"},"image":{"@id":"https:\/\/bonmarnamestaj.com\/sr\/#\/schema\/logo\/image\/"}}]}},"_links":{"self":[{"href":"https:\/\/bonmarnamestaj.com\/sr\/wp-json\/wp\/v2\/product\/1039","targetHints":{"allow":["GET"]}}],"collection":[{"href":"https:\/\/bonmarnamestaj.com\/sr\/wp-json\/wp\/v2\/product"}],"about":[{"href":"https:\/\/bonmarnamestaj.com\/sr\/wp-json\/wp\/v2\/types\/product"}],"wp:featuredmedia":[{"embeddable":true,"href":"https:\/\/bonmarnamestaj.com\/sr\/wp-json\/wp\/v2\/media\/1040"}],"wp:attachment":[{"href":"https:\/\/bonmarnamestaj.com\/sr\/wp-json\/wp\/v2\/media?parent=1039"}],"wp:term":[{"taxonomy":"product_brand","embeddable":true,"href":"https:\/\/bonmarnamestaj.com\/sr\/wp-json\/wp\/v2\/product_brand?post=1039"},{"taxonomy":"product_cat","embeddable":true,"href":"https:\/\/bonmarnamestaj.com\/sr\/wp-json\/wp\/v2\/product_cat?post=1039"},{"taxonomy":"product_tag","embeddable":true,"href":"https:\/\/bonmarnamestaj.com\/sr\/wp-json\/wp\/v2\/product_tag?post=1039"}],"curies":[{"name":"\u0412\u041f","href":"https:\/\/api.w.org\/{rel}","templated":true}]}}