{"id":1028,"date":"2025-11-12T18:28:44","date_gmt":"2025-11-12T18:28:44","guid":{"rendered":"https:\/\/bonmarnamestaj.com\/?post_type=product&#038;p=979"},"modified":"2026-02-11T23:12:37","modified_gmt":"2026-02-11T23:12:37","slug":"merlin-a-spor-ugaona-garnitura","status":"publish","type":"product","link":"https:\/\/bonmarnamestaj.com\/sr\/proizvod\/merlin-a-spor-ugaona-garnitura\/","title":{"rendered":"UG MERLIN-A-2SP"},"content":{"rendered":"","protected":false},"excerpt":{"rendered":"<div style=\"font-size:14px; line-height:1.4; color:#222; max-width:520px; margin:0 auto;\">\n<div style=\"font-weight:600; color:#ff7e00; margin-bottom:6px; text-align:center;\">\n        \u0414\u0438\u043c\u0435\u043d\u0437\u0438\u0458\u0435 \u043f\u0440\u043e\u0438\u0437\u0432\u043e\u0434\u0430\n    <\/div>\n<div style=\"margin-bottom:6px;\">\n        <span style=\"font-weight:600; display:inline-block; min-width:200px;\">(2+U) Ugaone:<\/span><br \/>\n        <span>\u0448\u0438\u0440\u0438\u043d\u0430 260 \u00d7 210 \u0446\u043c \/ \u0432\u0438\u0441\u0438\u043d\u0430 75 \u0446\u043c \/ \u0434\u0443\u0431\u0438\u043d\u0430 100 \u0446\u043c<\/span>\n    <\/div>\n<\/div>","protected":false},"featured_media":1029,"template":"","meta":[],"product_brand":[],"product_cat":[20],"product_tag":[],"class_list":{"0":"post-1028","1":"product","2":"type-product","3":"status-publish","4":"has-post-thumbnail","6":"product_cat-ugaone-garniture","8":"first","9":"instock","10":"shipping-taxable","11":"purchasable","12":"product-type-simple"},"yoast_head":"<!-- This site is optimized with the Yoast SEO plugin v26.9 - https:\/\/yoast.com\/product\/yoast-seo-wordpress\/ -->\n<title>MERLIN -A SPOR K\u00d6\u015eE TAKIMI - BONMAR NAMESTAJ | Beograd | Srbija<\/title>\n<meta name=\"robots\" content=\"index, follow, max-snippet:-1, max-image-preview:large, max-video-preview:-1\" \/>\n<link rel=\"canonical\" href=\"https:\/\/bonmarnamestaj.com\/sr\/proizvod\/merlin-a-spor-ugaona-garnitura\/\" \/>\n<meta property=\"og:locale\" content=\"sr_RS\" \/>\n<meta property=\"og:type\" content=\"article\" \/>\n<meta property=\"og:title\" content=\"MERLIN -A SPOR K\u00d6\u015eE TAKIMI - BONMAR NAMESTAJ | Beograd | Srbija\" \/>\n<meta property=\"og:description\" content=\"\u00dcr\u00fcn \u00d6l\u00e7\u00fcleri            2+D K\u00f6\u015fe \/ Corner:     geni\u015flik 260 \u00d7 210 cm \/ y\u00fckseklik 75 cm \/ derinlik 100 cm\" \/>\n<meta property=\"og:url\" content=\"https:\/\/bonmarnamestaj.com\/sr\/proizvod\/merlin-a-spor-ugaona-garnitura\/\" \/>\n<meta property=\"og:site_name\" content=\"BONMAR NAMESTAJ | Beograd | Srbija\" \/>\n<meta property=\"article:modified_time\" content=\"2026-02-11T23:12:37+00:00\" \/>\n<meta property=\"og:image\" content=\"https:\/\/bonmarnamestaj.com\/wp-content\/uploads\/2025\/11\/WhatsApp_Image_2025-05-09_at_4.55.01_PM_20251112210619_bacc1ef8.jpg\" \/>\n\t<meta property=\"og:image:width\" content=\"1500\" \/>\n\t<meta property=\"og:image:height\" content=\"1034\" \/>\n\t<meta property=\"og:image:type\" content=\"image\/jpeg\" \/>\n<meta name=\"twitter:card\" content=\"summary_large_image\" \/>\n<script type=\"application\/ld+json\" class=\"yoast-schema-graph\">{\"@context\":\"https:\/\/schema.org\",\"@graph\":[{\"@type\":\"WebPage\",\"@id\":\"https:\/\/bonmarnamestaj.com\/urun\/merlin-a-spor-kose-takimi\/\",\"url\":\"https:\/\/bonmarnamestaj.com\/urun\/merlin-a-spor-kose-takimi\/\",\"name\":\"MERLIN -A SPOR K\u00d6\u015eE TAKIMI - BONMAR NAMESTAJ | Beograd | Srbija\",\"isPartOf\":{\"@id\":\"https:\/\/bonmarnamestaj.com\/sr\/#website\"},\"primaryImageOfPage\":{\"@id\":\"https:\/\/bonmarnamestaj.com\/urun\/merlin-a-spor-kose-takimi\/#primaryimage\"},\"image\":{\"@id\":\"https:\/\/bonmarnamestaj.com\/urun\/merlin-a-spor-kose-takimi\/#primaryimage\"},\"thumbnailUrl\":\"https:\/\/bonmarnamestaj.com\/wp-content\/uploads\/2025\/11\/WhatsApp_Image_2025-05-09_at_4.55.01_PM_20251112210619_bacc1ef8.jpg\",\"datePublished\":\"2025-11-12T18:28:44+00:00\",\"dateModified\":\"2026-02-11T23:12:37+00:00\",\"breadcrumb\":{\"@id\":\"https:\/\/bonmarnamestaj.com\/urun\/merlin-a-spor-kose-takimi\/#breadcrumb\"},\"inLanguage\":\"sr-RS\",\"potentialAction\":[{\"@type\":\"ReadAction\",\"target\":[\"https:\/\/bonmarnamestaj.com\/urun\/merlin-a-spor-kose-takimi\/\"]}]},{\"@type\":\"ImageObject\",\"inLanguage\":\"sr-RS\",\"@id\":\"https:\/\/bonmarnamestaj.com\/urun\/merlin-a-spor-kose-takimi\/#primaryimage\",\"url\":\"https:\/\/bonmarnamestaj.com\/wp-content\/uploads\/2025\/11\/WhatsApp_Image_2025-05-09_at_4.55.01_PM_20251112210619_bacc1ef8.jpg\",\"contentUrl\":\"https:\/\/bonmarnamestaj.com\/wp-content\/uploads\/2025\/11\/WhatsApp_Image_2025-05-09_at_4.55.01_PM_20251112210619_bacc1ef8.jpg\",\"width\":1500,\"height\":1034},{\"@type\":\"BreadcrumbList\",\"@id\":\"https:\/\/bonmarnamestaj.com\/urun\/merlin-a-spor-kose-takimi\/#breadcrumb\",\"itemListElement\":[{\"@type\":\"ListItem\",\"position\":1,\"name\":\"Anasayfa\",\"item\":\"https:\/\/bonmarnamestaj.com\/sr\/\"},{\"@type\":\"ListItem\",\"position\":2,\"name\":\"Ma\u011faza\",\"item\":\"https:\/\/bonmarnamestaj.com\/sr\/%d1%82%d1%80%d0%b6%d0%bd%d0%b8-%d1%86%d0%b5%d0%bd%d1%82%d0%b0%d1%80\/\"},{\"@type\":\"ListItem\",\"position\":3,\"name\":\"MERLIN -A SPOR K\u00d6\u015eE TAKIMI\"}]},{\"@type\":\"WebSite\",\"@id\":\"https:\/\/bonmarnamestaj.com\/sr\/#website\",\"url\":\"https:\/\/bonmarnamestaj.com\/sr\/\",\"name\":\"BONMAR NAMESTAJ | Beograd | Srbija\",\"description\":\"Modeli name\u0161taja i sofa za 2026. godinu\",\"publisher\":{\"@id\":\"https:\/\/bonmarnamestaj.com\/sr\/#organization\"},\"potentialAction\":[{\"@type\":\"SearchAction\",\"target\":{\"@type\":\"EntryPoint\",\"urlTemplate\":\"https:\/\/bonmarnamestaj.com\/sr\/?s={search_term_string}\"},\"query-input\":{\"@type\":\"PropertyValueSpecification\",\"valueRequired\":true,\"valueName\":\"search_term_string\"}}],\"inLanguage\":\"sr-RS\"},{\"@type\":\"Organization\",\"@id\":\"https:\/\/bonmarnamestaj.com\/sr\/#organization\",\"name\":\"BONMAR NAMESTAJ | Beograd | Srbija\",\"url\":\"https:\/\/bonmarnamestaj.com\/sr\/\",\"logo\":{\"@type\":\"ImageObject\",\"inLanguage\":\"sr-RS\",\"@id\":\"https:\/\/bonmarnamestaj.com\/sr\/#\/schema\/logo\/image\/\",\"url\":\"https:\/\/bonmarnamestaj.com\/wp-content\/uploads\/2025\/12\/cropped-bonmarlogo512.png\",\"contentUrl\":\"https:\/\/bonmarnamestaj.com\/wp-content\/uploads\/2025\/12\/cropped-bonmarlogo512.png\",\"width\":512,\"height\":512,\"caption\":\"BONMAR NAMESTAJ | Beograd | Srbija\"},\"image\":{\"@id\":\"https:\/\/bonmarnamestaj.com\/sr\/#\/schema\/logo\/image\/\"}}]}<\/script>\n<!-- \/ Yoast SEO plugin. -->","yoast_head_json":{"title":"MERLIN -A SPOR K\u00d6\u015eE TAKIMI - BONMAR NAMESTAJ | Beograd | Srbija","robots":{"index":"index","follow":"follow","max-snippet":"max-snippet:-1","max-image-preview":"max-image-preview:large","max-video-preview":"max-video-preview:-1"},"canonical":"https:\/\/bonmarnamestaj.com\/sr\/proizvod\/merlin-a-spor-ugaona-garnitura\/","og_locale":"sr_RS","og_type":"article","og_title":"MERLIN -A SPOR K\u00d6\u015eE TAKIMI - BONMAR NAMESTAJ | Beograd | Srbija","og_description":"\u00dcr\u00fcn \u00d6l\u00e7\u00fcleri            2+D K\u00f6\u015fe \/ Corner:     geni\u015flik 260 \u00d7 210 cm \/ y\u00fckseklik 75 cm \/ derinlik 100 cm","og_url":"https:\/\/bonmarnamestaj.com\/sr\/proizvod\/merlin-a-spor-ugaona-garnitura\/","og_site_name":"BONMAR NAMESTAJ | Beograd | Srbija","article_modified_time":"2026-02-11T23:12:37+00:00","og_image":[{"width":1500,"height":1034,"url":"https:\/\/bonmarnamestaj.com\/wp-content\/uploads\/2025\/11\/WhatsApp_Image_2025-05-09_at_4.55.01_PM_20251112210619_bacc1ef8.jpg","type":"image\/jpeg"}],"twitter_card":"summary_large_image","schema":{"@context":"https:\/\/schema.org","@graph":[{"@type":"WebPage","@id":"https:\/\/bonmarnamestaj.com\/urun\/merlin-a-spor-kose-takimi\/","url":"https:\/\/bonmarnamestaj.com\/urun\/merlin-a-spor-kose-takimi\/","name":"MERLIN -A SPOR K\u00d6\u015eE TAKIMI - BONMAR NAMESTAJ | Beograd | Srbija","isPartOf":{"@id":"https:\/\/bonmarnamestaj.com\/sr\/#website"},"primaryImageOfPage":{"@id":"https:\/\/bonmarnamestaj.com\/urun\/merlin-a-spor-kose-takimi\/#primaryimage"},"image":{"@id":"https:\/\/bonmarnamestaj.com\/urun\/merlin-a-spor-kose-takimi\/#primaryimage"},"thumbnailUrl":"https:\/\/bonmarnamestaj.com\/wp-content\/uploads\/2025\/11\/WhatsApp_Image_2025-05-09_at_4.55.01_PM_20251112210619_bacc1ef8.jpg","datePublished":"2025-11-12T18:28:44+00:00","dateModified":"2026-02-11T23:12:37+00:00","breadcrumb":{"@id":"https:\/\/bonmarnamestaj.com\/urun\/merlin-a-spor-kose-takimi\/#breadcrumb"},"inLanguage":"sr-RS","potentialAction":[{"@type":"ReadAction","target":["https:\/\/bonmarnamestaj.com\/urun\/merlin-a-spor-kose-takimi\/"]}]},{"@type":"ImageObject","inLanguage":"sr-RS","@id":"https:\/\/bonmarnamestaj.com\/urun\/merlin-a-spor-kose-takimi\/#primaryimage","url":"https:\/\/bonmarnamestaj.com\/wp-content\/uploads\/2025\/11\/WhatsApp_Image_2025-05-09_at_4.55.01_PM_20251112210619_bacc1ef8.jpg","contentUrl":"https:\/\/bonmarnamestaj.com\/wp-content\/uploads\/2025\/11\/WhatsApp_Image_2025-05-09_at_4.55.01_PM_20251112210619_bacc1ef8.jpg","width":1500,"height":1034},{"@type":"BreadcrumbList","@id":"https:\/\/bonmarnamestaj.com\/urun\/merlin-a-spor-kose-takimi\/#breadcrumb","itemListElement":[{"@type":"ListItem","position":1,"name":"Anasayfa","item":"https:\/\/bonmarnamestaj.com\/sr\/"},{"@type":"ListItem","position":2,"name":"Ma\u011faza","item":"https:\/\/bonmarnamestaj.com\/sr\/%d1%82%d1%80%d0%b6%d0%bd%d0%b8-%d1%86%d0%b5%d0%bd%d1%82%d0%b0%d1%80\/"},{"@type":"ListItem","position":3,"name":"MERLIN -A SPOR K\u00d6\u015eE TAKIMI"}]},{"@type":"WebSite","@id":"https:\/\/bonmarnamestaj.com\/sr\/#website","url":"https:\/\/bonmarnamestaj.com\/sr\/","name":"BONMAR NAMESTAJ | Beograd | Srbija","description":"\u041c\u043e\u0434\u0435\u043b \u043d\u0430\u043c\u0435\u0448\u0442\u0430\u0458\u0430 \u0438 \u0441\u043e\u0444\u0430 \u0437\u0430 2026. \u0433\u043e\u0434\u0438\u043d\u0443","publisher":{"@id":"https:\/\/bonmarnamestaj.com\/sr\/#organization"},"potentialAction":[{"@type":"SearchAction","target":{"@type":"EntryPoint","urlTemplate":"https:\/\/bonmarnamestaj.com\/sr\/?s={search_term_string}"},"query-input":{"@type":"PropertyValueSpecification","valueRequired":true,"valueName":"search_term_string"}}],"inLanguage":"sr-RS"},{"@type":"Organization","@id":"https:\/\/bonmarnamestaj.com\/sr\/#organization","name":"BONMAR NAMESTAJ | Beograd | Srbija","url":"https:\/\/bonmarnamestaj.com\/sr\/","logo":{"@type":"ImageObject","inLanguage":"sr-RS","@id":"https:\/\/bonmarnamestaj.com\/sr\/#\/schema\/logo\/image\/","url":"https:\/\/bonmarnamestaj.com\/wp-content\/uploads\/2025\/12\/cropped-bonmarlogo512.png","contentUrl":"https:\/\/bonmarnamestaj.com\/wp-content\/uploads\/2025\/12\/cropped-bonmarlogo512.png","width":512,"height":512,"caption":"BONMAR NAMESTAJ | Beograd | Srbija"},"image":{"@id":"https:\/\/bonmarnamestaj.com\/sr\/#\/schema\/logo\/image\/"}}]}},"_links":{"self":[{"href":"https:\/\/bonmarnamestaj.com\/sr\/wp-json\/wp\/v2\/product\/1028","targetHints":{"allow":["GET"]}}],"collection":[{"href":"https:\/\/bonmarnamestaj.com\/sr\/wp-json\/wp\/v2\/product"}],"about":[{"href":"https:\/\/bonmarnamestaj.com\/sr\/wp-json\/wp\/v2\/types\/product"}],"wp:featuredmedia":[{"embeddable":true,"href":"https:\/\/bonmarnamestaj.com\/sr\/wp-json\/wp\/v2\/media\/1029"}],"wp:attachment":[{"href":"https:\/\/bonmarnamestaj.com\/sr\/wp-json\/wp\/v2\/media?parent=1028"}],"wp:term":[{"taxonomy":"product_brand","embeddable":true,"href":"https:\/\/bonmarnamestaj.com\/sr\/wp-json\/wp\/v2\/product_brand?post=1028"},{"taxonomy":"product_cat","embeddable":true,"href":"https:\/\/bonmarnamestaj.com\/sr\/wp-json\/wp\/v2\/product_cat?post=1028"},{"taxonomy":"product_tag","embeddable":true,"href":"https:\/\/bonmarnamestaj.com\/sr\/wp-json\/wp\/v2\/product_tag?post=1028"}],"curies":[{"name":"\u0412\u041f","href":"https:\/\/api.w.org\/{rel}","templated":true}]}}