{"id":13,"date":"2025-12-15T12:13:07","date_gmt":"2025-12-15T12:13:07","guid":{"rendered":"https:\/\/bonmarnamestaj.com\/?page_id=13"},"modified":"2025-12-15T12:13:07","modified_gmt":"2025-12-15T12:13:07","slug":"%d0%bf%d0%be%d0%b2%d1%80%d0%b0%d1%9b%d0%b0%d1%98_%d0%bd%d0%be%d0%b2%d0%b8","status":"publish","type":"page","link":"https:\/\/bonmarnamestaj.com\/sr\/%d0%bf%d0%be%d0%b2%d1%80%d0%b0%d1%9b%d0%b0%d1%98_%d0%bd%d0%be%d0%b2%d0%b8\/","title":{"rendered":"\u0423\u0441\u043b\u043e\u0432\u0438 \u043f\u043b\u0430\u045b\u0430\u045a\u0430"},"content":{"rendered":"","protected":false},"excerpt":{"rendered":"","protected":false},"author":1,"featured_media":0,"parent":0,"menu_order":0,"comment_status":"closed","ping_status":"closed","template":"","meta":{"footnotes":""},"class_list":["post-13","page","type-page","status-publish","hentry"],"yoast_head":"<!-- This site is optimized with the Yoast SEO plugin v26.9 - https:\/\/yoast.com\/product\/yoast-seo-wordpress\/ -->\n<title>\u00d6deme Ko\u015fullar\u0131 - BONMAR NAMESTAJ | Beograd | Srbija<\/title>\n<meta name=\"robots\" content=\"index, follow, max-snippet:-1, max-image-preview:large, max-video-preview:-1\" \/>\n<link rel=\"canonical\" href=\"https:\/\/bonmarnamestaj.com\/sr\/\u043f\u043e\u0432\u0440\u0430\u045b\u0430\u0458_\u043d\u043e\u0432\u0438\/\" \/>\n<meta property=\"og:locale\" content=\"sr_RS\" \/>\n<meta property=\"og:type\" content=\"article\" \/>\n<meta property=\"og:title\" content=\"\u00d6deme Ko\u015fullar\u0131 - BONMAR NAMESTAJ | Beograd | Srbija\" \/>\n<meta property=\"og:url\" content=\"https:\/\/bonmarnamestaj.com\/sr\/\u043f\u043e\u0432\u0440\u0430\u045b\u0430\u0458_\u043d\u043e\u0432\u0438\/\" \/>\n<meta property=\"og:site_name\" content=\"BONMAR NAMESTAJ | Beograd | Srbija\" \/>\n<meta property=\"og:image\" content=\"https:\/\/bonmarnamestaj.com\/wp-content\/uploads\/2025\/12\/cropped-bonmarlogo512.png\" \/>\n\t<meta property=\"og:image:width\" content=\"512\" \/>\n\t<meta property=\"og:image:height\" content=\"512\" \/>\n\t<meta property=\"og:image:type\" content=\"image\/png\" \/>\n<meta name=\"twitter:card\" content=\"summary_large_image\" \/>\n<script type=\"application\/ld+json\" class=\"yoast-schema-graph\">{\"@context\":\"https:\/\/schema.org\",\"@graph\":[{\"@type\":\"WebPage\",\"@id\":\"https:\/\/bonmarnamestaj.com\/sr\/%d0%bf%d0%be%d0%b2%d1%80%d0%b0%d1%9b%d0%b0%d1%98_%d0%bd%d0%be%d0%b2%d0%b8\/\",\"url\":\"https:\/\/bonmarnamestaj.com\/sr\/%d0%bf%d0%be%d0%b2%d1%80%d0%b0%d1%9b%d0%b0%d1%98_%d0%bd%d0%be%d0%b2%d0%b8\/\",\"name\":\"\u00d6deme Ko\u015fullar\u0131 - BONMAR NAMESTAJ | Beograd | Srbija\",\"isPartOf\":{\"@id\":\"https:\/\/bonmarnamestaj.com\/sr\/#website\"},\"datePublished\":\"2025-12-15T12:13:07+00:00\",\"breadcrumb\":{\"@id\":\"https:\/\/bonmarnamestaj.com\/sr\/%d0%bf%d0%be%d0%b2%d1%80%d0%b0%d1%9b%d0%b0%d1%98_%d0%bd%d0%be%d0%b2%d0%b8\/#breadcrumb\"},\"inLanguage\":\"sr-RS\",\"potentialAction\":[{\"@type\":\"ReadAction\",\"target\":[\"https:\/\/bonmarnamestaj.com\/sr\/%d0%bf%d0%be%d0%b2%d1%80%d0%b0%d1%9b%d0%b0%d1%98_%d0%bd%d0%be%d0%b2%d0%b8\/\"]}]},{\"@type\":\"BreadcrumbList\",\"@id\":\"https:\/\/bonmarnamestaj.com\/sr\/%d0%bf%d0%be%d0%b2%d1%80%d0%b0%d1%9b%d0%b0%d1%98_%d0%bd%d0%be%d0%b2%d0%b8\/#breadcrumb\",\"itemListElement\":[{\"@type\":\"ListItem\",\"position\":1,\"name\":\"Anasayfa\",\"item\":\"https:\/\/bonmarnamestaj.com\/sr\/\"},{\"@type\":\"ListItem\",\"position\":2,\"name\":\"\u00d6deme Ko\u015fullar\u0131\"}]},{\"@type\":\"WebSite\",\"@id\":\"https:\/\/bonmarnamestaj.com\/sr\/#website\",\"url\":\"https:\/\/bonmarnamestaj.com\/sr\/\",\"name\":\"BONMAR NAMESTAJ | Beograd | Srbija\",\"description\":\"Modeli name\u0161taja i sofa za 2026. godinu\",\"publisher\":{\"@id\":\"https:\/\/bonmarnamestaj.com\/sr\/#organization\"},\"potentialAction\":[{\"@type\":\"SearchAction\",\"target\":{\"@type\":\"EntryPoint\",\"urlTemplate\":\"https:\/\/bonmarnamestaj.com\/sr\/?s={search_term_string}\"},\"query-input\":{\"@type\":\"PropertyValueSpecification\",\"valueRequired\":true,\"valueName\":\"search_term_string\"}}],\"inLanguage\":\"sr-RS\"},{\"@type\":\"Organization\",\"@id\":\"https:\/\/bonmarnamestaj.com\/sr\/#organization\",\"name\":\"BONMAR NAMESTAJ | Beograd | Srbija\",\"url\":\"https:\/\/bonmarnamestaj.com\/sr\/\",\"logo\":{\"@type\":\"ImageObject\",\"inLanguage\":\"sr-RS\",\"@id\":\"https:\/\/bonmarnamestaj.com\/sr\/#\/schema\/logo\/image\/\",\"url\":\"https:\/\/bonmarnamestaj.com\/wp-content\/uploads\/2025\/12\/cropped-bonmarlogo512.png\",\"contentUrl\":\"https:\/\/bonmarnamestaj.com\/wp-content\/uploads\/2025\/12\/cropped-bonmarlogo512.png\",\"width\":512,\"height\":512,\"caption\":\"BONMAR NAMESTAJ | Beograd | Srbija\"},\"image\":{\"@id\":\"https:\/\/bonmarnamestaj.com\/sr\/#\/schema\/logo\/image\/\"}}]}<\/script>\n<!-- \/ Yoast SEO plugin. -->","yoast_head_json":{"title":"\u00d6deme Ko\u015fullar\u0131 - BONMAR NAMESTAJ | Beograd | Srbija","robots":{"index":"index","follow":"follow","max-snippet":"max-snippet:-1","max-image-preview":"max-image-preview:large","max-video-preview":"max-video-preview:-1"},"canonical":"https:\/\/bonmarnamestaj.com\/sr\/\u043f\u043e\u0432\u0440\u0430\u045b\u0430\u0458_\u043d\u043e\u0432\u0438\/","og_locale":"sr_RS","og_type":"article","og_title":"\u00d6deme Ko\u015fullar\u0131 - BONMAR NAMESTAJ | Beograd | Srbija","og_url":"https:\/\/bonmarnamestaj.com\/sr\/\u043f\u043e\u0432\u0440\u0430\u045b\u0430\u0458_\u043d\u043e\u0432\u0438\/","og_site_name":"BONMAR NAMESTAJ | Beograd | Srbija","og_image":[{"width":512,"height":512,"url":"https:\/\/bonmarnamestaj.com\/wp-content\/uploads\/2025\/12\/cropped-bonmarlogo512.png","type":"image\/png"}],"twitter_card":"summary_large_image","schema":{"@context":"https:\/\/schema.org","@graph":[{"@type":"WebPage","@id":"https:\/\/bonmarnamestaj.com\/sr\/%d0%bf%d0%be%d0%b2%d1%80%d0%b0%d1%9b%d0%b0%d1%98_%d0%bd%d0%be%d0%b2%d0%b8\/","url":"https:\/\/bonmarnamestaj.com\/sr\/%d0%bf%d0%be%d0%b2%d1%80%d0%b0%d1%9b%d0%b0%d1%98_%d0%bd%d0%be%d0%b2%d0%b8\/","name":"\u00d6deme Ko\u015fullar\u0131 - BONMAR NAMESTAJ | Beograd | Srbija","isPartOf":{"@id":"https:\/\/bonmarnamestaj.com\/sr\/#website"},"datePublished":"2025-12-15T12:13:07+00:00","breadcrumb":{"@id":"https:\/\/bonmarnamestaj.com\/sr\/%d0%bf%d0%be%d0%b2%d1%80%d0%b0%d1%9b%d0%b0%d1%98_%d0%bd%d0%be%d0%b2%d0%b8\/#breadcrumb"},"inLanguage":"sr-RS","potentialAction":[{"@type":"ReadAction","target":["https:\/\/bonmarnamestaj.com\/sr\/%d0%bf%d0%be%d0%b2%d1%80%d0%b0%d1%9b%d0%b0%d1%98_%d0%bd%d0%be%d0%b2%d0%b8\/"]}]},{"@type":"BreadcrumbList","@id":"https:\/\/bonmarnamestaj.com\/sr\/%d0%bf%d0%be%d0%b2%d1%80%d0%b0%d1%9b%d0%b0%d1%98_%d0%bd%d0%be%d0%b2%d0%b8\/#breadcrumb","itemListElement":[{"@type":"ListItem","position":1,"name":"Anasayfa","item":"https:\/\/bonmarnamestaj.com\/sr\/"},{"@type":"ListItem","position":2,"name":"\u00d6deme Ko\u015fullar\u0131"}]},{"@type":"WebSite","@id":"https:\/\/bonmarnamestaj.com\/sr\/#website","url":"https:\/\/bonmarnamestaj.com\/sr\/","name":"BONMAR NAMESTAJ | Beograd | Srbija","description":"\u041c\u043e\u0434\u0435\u043b \u043d\u0430\u043c\u0435\u0448\u0442\u0430\u0458\u0430 \u0438 \u0441\u043e\u0444\u0430 \u0437\u0430 2026. \u0433\u043e\u0434\u0438\u043d\u0443","publisher":{"@id":"https:\/\/bonmarnamestaj.com\/sr\/#organization"},"potentialAction":[{"@type":"SearchAction","target":{"@type":"EntryPoint","urlTemplate":"https:\/\/bonmarnamestaj.com\/sr\/?s={search_term_string}"},"query-input":{"@type":"PropertyValueSpecification","valueRequired":true,"valueName":"search_term_string"}}],"inLanguage":"sr-RS"},{"@type":"Organization","@id":"https:\/\/bonmarnamestaj.com\/sr\/#organization","name":"BONMAR NAMESTAJ | Beograd | Srbija","url":"https:\/\/bonmarnamestaj.com\/sr\/","logo":{"@type":"ImageObject","inLanguage":"sr-RS","@id":"https:\/\/bonmarnamestaj.com\/sr\/#\/schema\/logo\/image\/","url":"https:\/\/bonmarnamestaj.com\/wp-content\/uploads\/2025\/12\/cropped-bonmarlogo512.png","contentUrl":"https:\/\/bonmarnamestaj.com\/wp-content\/uploads\/2025\/12\/cropped-bonmarlogo512.png","width":512,"height":512,"caption":"BONMAR NAMESTAJ | Beograd | Srbija"},"image":{"@id":"https:\/\/bonmarnamestaj.com\/sr\/#\/schema\/logo\/image\/"}}]}},"_links":{"self":[{"href":"https:\/\/bonmarnamestaj.com\/sr\/wp-json\/wp\/v2\/pages\/13","targetHints":{"allow":["GET"]}}],"collection":[{"href":"https:\/\/bonmarnamestaj.com\/sr\/wp-json\/wp\/v2\/pages"}],"about":[{"href":"https:\/\/bonmarnamestaj.com\/sr\/wp-json\/wp\/v2\/types\/page"}],"author":[{"embeddable":true,"href":"https:\/\/bonmarnamestaj.com\/sr\/wp-json\/wp\/v2\/users\/1"}],"replies":[{"embeddable":true,"href":"https:\/\/bonmarnamestaj.com\/sr\/wp-json\/wp\/v2\/comments?post=13"}],"version-history":[{"count":1,"href":"https:\/\/bonmarnamestaj.com\/sr\/wp-json\/wp\/v2\/pages\/13\/revisions"}],"predecessor-version":[{"id":2950,"href":"https:\/\/bonmarnamestaj.com\/sr\/wp-json\/wp\/v2\/pages\/13\/revisions\/2950"}],"wp:attachment":[{"href":"https:\/\/bonmarnamestaj.com\/sr\/wp-json\/wp\/v2\/media?parent=13"}],"curies":[{"name":"\u0412\u041f","href":"https:\/\/api.w.org\/{rel}","templated":true}]}}